{"id":365,"date":"2021-10-06T16:50:11","date_gmt":"2021-10-06T16:50:11","guid":{"rendered":"https:\/\/www.butler.edu\/arts-sciences\/core-values-spanish\/"},"modified":"2024-01-19T09:30:38","modified_gmt":"2024-01-19T14:30:38","slug":"core-values-spanish","status":"publish","type":"page","link":"https:\/\/www.butler.edu\/arts-sciences\/core-values\/core-values-spanish\/","title":{"rendered":"Core Values (Spanish)"},"content":{"rendered":"<section class=\"wysiwyg wysiwyg-primary-block alignfull\" >\n\t<div class=\"container grid-default wysiwyg__container\">\n\t\t\t\t\t\t<nav class=\"sidebar-menu \" aria-label=\"Site Menu\" id=\"page-nav\">\n\t\t<div class=\"sidebar-menu__wrapper\">\n\t\t\t<header class=\"sidebar-menu__header\">\n\t\t\t\t<span class=\"sidebar-menu__headerLabel\">College of Liberal Arts &#038; Sciences Menu<\/span>\n\n\t\t\t\t\t\t\t\t<button class=\"sidebar-menu__mobileToggle\" title=\"Toggle Menu\" :aria-expanded=\"mobileOpen\"><\/button>\n\t\t\t\t\t\t\t<\/header>\n\n\t\t\t<ul class=\"sidebar-menu__list\" v-show=\"mobileOpen\">\n\t\t\t\t\t\t\t\t\t<li class=\"sidebar-menu__listItem initial-item\">\n\t\t\t\t\t\t<a href=\"https:\/\/www.butler.edu\/arts-sciences\/about\" class=\"sidebar-menu__listLink\" >About<\/a>\n\t\t\t\t\t<\/li>\n\t\t\t\t\t\t\t\t\t<li class=\"sidebar-menu__listItem initial-item\">\n\t\t\t\t\t\t<a href=\"https:\/\/www.butler.edu\/arts-sciences\/undergraduate-programs\/\" class=\"sidebar-menu__listLink\" >Undergraduate Programs<\/a>\n\t\t\t\t\t<\/li>\n\t\t\t\t\t\t\t\t\t<li class=\"sidebar-menu__listItem initial-item\">\n\t\t\t\t\t\t<a href=\"https:\/\/www.butler.edu\/arts-sciences\/las-graduate-programs\/\" class=\"sidebar-menu__listLink\" >Graduate Programs<\/a>\n\t\t\t\t\t<\/li>\n\t\t\t\t\t\t\t\t\t<li class=\"sidebar-menu__listItem initial-item\">\n\t\t\t\t\t\t<a href=\"https:\/\/www.butler.edu\/academics\/three-year-programs\/\" class=\"sidebar-menu__listLink\" >Three-Year Programs<\/a>\n\t\t\t\t\t<\/li>\n\t\t\t\t\t\t\t\t\t<li class=\"sidebar-menu__listItem initial-item\">\n\t\t\t\t\t\t<a href=\"https:\/\/www.butler.edu\/arts-sciences\/faculty-staff\/\" class=\"sidebar-menu__listLink\" >Faculty &#038; Staff<\/a>\n\t\t\t\t\t<\/li>\n\t\t\t\t\t\t\t\t\t<li class=\"sidebar-menu__listItem initial-item\">\n\t\t\t\t\t\t<a href=\"https:\/\/www.butler.edu\/arts-sciences\/experiential-learning\/\" class=\"sidebar-menu__listLink\" >Experiential Learning<\/a>\n\t\t\t\t\t<\/li>\n\t\t\t\t\t\t\t\t\t<li class=\"sidebar-menu__listItem initial-item\">\n\t\t\t\t\t\t<a href=\"https:\/\/www.butler.edu\/arts-sciences\/global-opportunities\/\" class=\"sidebar-menu__listLink\" >Global Opportunities<\/a>\n\t\t\t\t\t<\/li>\n\t\t\t\t\t\t\t\t\t<li class=\"sidebar-menu__listItem initial-item\">\n\t\t\t\t\t\t<a href=\"\/arts-sciences\/essay-contest\" class=\"sidebar-menu__listLink\" >Liberal Arts Essay Contest<\/a>\n\t\t\t\t\t<\/li>\n\t\t\t\t\t\t\t\t\t<li class=\"sidebar-menu__listItem hide-overflow\">\n\t\t\t\t\t\t<a href=\"https:\/\/www.butler.edu\/arts-sciences\/sciences-complex\/\" class=\"sidebar-menu__listLink\" >Sciences Complex<\/a>\n\t\t\t\t\t<\/li>\n\t\t\t\t\t\t\t\t\t<li class=\"sidebar-menu__listItem hide-overflow\">\n\t\t\t\t\t\t<a href=\"https:\/\/www.butler.edu\/academics\/phi-beta-kappa\/\" class=\"sidebar-menu__listLink\" >Phi Beta Kappa Society<\/a>\n\t\t\t\t\t<\/li>\n\t\t\t\t\t\t\t\t\t<li class=\"sidebar-menu__listItem hide-overflow\">\n\t\t\t\t\t\t<a href=\"https:\/\/www.butler.edu\/arts-sciences\/student-awards\" class=\"sidebar-menu__listLink\" >LAS Student Awards<\/a>\n\t\t\t\t\t<\/li>\n\t\t\t\t\t\t\t\t\t<li class=\"sidebar-menu__listItem hide-overflow\">\n\t\t\t\t\t\t<a href=\"https:\/\/www.butler.edu\/arts-sciences\/sci-olympiad\/\" class=\"sidebar-menu__listLink\" >Science Olympiad<\/a>\n\t\t\t\t\t<\/li>\n\t\t\t\t\t\t\t<\/ul>\n\t\t<\/div>\n\t\t\t\t<button class=\"sidebar-menu__desktopToggle\" v-text=\"desktopLabel\" :aria-expanded=\"desktopOpen\">More Links<\/button>\n\t\t\t<\/nav>\n\t\t\t\t<div class=\"wysiwyg__wrapper wysiwyg__wrapper--hasSidebar\">\n\t\t\t<!-- content from editor -->\n\t\t\t<div class=\"wysiwyg__content wysiwyg__contentContainer\">\n\t\t\t\t<div class=\"acf-innerblocks-container\"><h1 class=\"wp-block-heading\">Core Values (Spanish)<\/h1><h3 class=\"wp-block-heading\">Valores Centrales de las Artes Liberales y Ciencias<\/h3><p><\/p><h4 class=\"wp-block-heading\">I<\/h4><p>El prop\u00f3sito b\u00e1sico e hist\u00f3rico de las artes liberales es al mismo tiempo el ense\u00f1arnos a pensar por nosotros mismos, el actuar prudentemente y bien en el mundo, el emprender trabajos \u00fatiles para nosotros y para otras personas. La educaci\u00f3n en artes liberales intenta conseguir en \u00faltima instancia abrirnos a la condici\u00f3n humana con sus sufrimientos y alegr\u00edas, de ese modo cultivando nuestra integridad personal, y para abrigar en nosotros compasi\u00f3n y respeto por aquellos cuyas vidas compartimos dentro de nuestras propias comunidades y alrededor del mundo.<br\/>La educaci\u00f3n en artes liberales reposa en una paradoja: pensar profundamente uno mismo significa escuchar primero cuidadosamente los pensamientos de otros. Las artes liberales nos impulsan a cultivarnos a trav\u00e9s del conocimiento de otros; la atenci\u00f3n detallada a sus ideas y acciones nos ayuda a refinar las nuestras propias.<br\/>La educaci\u00f3n en artes liberales es pluralista. Est\u00e1 compuesta de muchas voces, cada una apropiada al momento y el lugar, algunas discordantes, ninguna absoluta. Intenta conseguir que en nosotros se desarrolle el buen juicio para discernir qu\u00e9 aptitudes son apropiadas en qu\u00e9 momento dado. La educaci\u00f3n en artes liberales no descansa nunca. No toma nada por descontado. Su actividad caracter\u00edstica no es un asentimiento carente de sentido cr\u00edtico. Examina verdades sagradas de todo tipo.<br\/>Las artes liberales desarrollan aptitudes, no solamente cr\u00edticas pero tambi\u00e9n creativas, no solamente el an\u00e1lisis racional sino tambi\u00e9n la expresi\u00f3n creativa.\u00a0 Intentan conseguir desarrollar y llevar a cabo la totalidad de la personalidad humana. Su ejercicio espera conseguir tambi\u00e9n que los estudiantes sean autodidactas mucho despu\u00e9s de haber dejado los estudios formales.\u00a0 La educaci\u00f3n en artes liberales sirve para entrenar a sus estudiantes para que tengan responsabilidad p\u00fablica, no solo para el bien privado.<br\/>La educaci\u00f3n en artes liberales est\u00e1 relacionada tanto con el camino como con el destino. Toma placer tanto en las peculiaridades del aprendizaje minuto a minuto como la realizaci\u00f3n de metas distantes. Equilibra la voluntad de saber con empat\u00eda y asombro.<\/p><h4 class=\"wp-block-heading\">II<\/h4><p>La palabra latina ars significa al mismo tiempo, aptitud, conocimiento y pr\u00e1ctica.\u00a0 Una educaci\u00f3n en artes liberales comienza con las aptitudes de lenguaje y reflexi\u00f3n.<br\/>Nos ense\u00f1a a leer bien; a escuchar bien; a escribir prosa concisa y clara; a hablar privadamente en conversaci\u00f3n, p\u00fablicamente en debates, y formalmente en discursos; a juzgar nuestra audiencia y considerar nuestras propias palabras a trav\u00e9s de los ojos y los o\u00eddos de otros; a aprender formas apropiadas de integrar y citar las palabras y pensamientos de otros en nuestro propio trabajo; para hacer estas cosas razonablemente bien en lenguajes y desde puntos de vista ajenos a los propios.<br\/>Nos ense\u00f1a a presentar un caso o hip\u00f3tesis o argumento; a evaluar el rigor de los argumentos de otros; a encontrar y juzgar informaci\u00f3n en bibliotecas, en Internet, y en otras fuentes de informaci\u00f3n. Nos ense\u00f1a maneras de establecer verdad y falsedad; la inventiva apropiada a un juicio moral y est\u00e9tico; los m\u00e9todos de razonamiento l\u00f3gico, experimental, cient\u00edfico, matem\u00e1tico, y estad\u00edstico.<br\/>Estas aptitudes nos permiten afrontar y resolver problemas cada vez m\u00e1s dif\u00edciles y exigentes, apreciar fuentes de perjuicios y maneras de superarlos, y considerar argumentos procedentes de puntos de vista disonantes. Desarrollan en nosotros un sentido de sutileza, profundidad, y complejidad.<\/p><h4 class=\"wp-block-heading\">III<\/h4><p>Una educaci\u00f3n en artes liberales percibe el cultivo de estas aptitudes no solo como un fin en si mismo pero tambi\u00e9n como una preparaci\u00f3n para la b\u00fasqueda de conocimiento y los otros prop\u00f3sitos de la vida humana. El Libro de Cambios chino capta bien una cualidad fundamental de la educaci\u00f3n en artes liberales cuando indica que el conocimiento y la pr\u00e1ctica no puede llegar a ser dominada hasta que han sido consideradas desde perspectivas dispares.<br\/>Como estudiantes de las artes liberales, cultivamos tan completamente como es posible el legado del pensamiento humano, la imaginaci\u00f3n, la creatividad e investigaci\u00f3n; observamos la naturaleza; confrontamos y evaluamos teor\u00edas importantes que dan forma a nuestra comprensi\u00f3n del mundo y c\u00f3mo cuidar de \u00e9l; comprendemos c\u00f3mo funcionan las sociedades, la nuestra y las de otros, y c\u00f3mo pueden ser mejoradas; sopesamos los costes y beneficios de la vida humana moderna para el individual y el planeta; intentamos conseguir comprender y reducir las fuentes de odio y conflictos humanos; esperamos conseguir comprender y fortalecer lo que inspira cooperaci\u00f3n humana; exploramos los mecanismos de la mente y el cuerpo humano; desciframos afirmaciones hechas por profesores, pol\u00edticos, anunciantes, cient\u00edficos, predicadores, columnistas y tu compa\u00f1ero de cuarto; consideramos la historia desde las \u00e9pocas m\u00e1s antiguas al presente que se est\u00e1 revelando; investigamos los mecanismos del cosmos, desde el \u00e1tomo a las estrellas; profundizamos en las experiencias pasadas de nuestra y otras sociedades, al igual que las noticias actuales; nos sentimos como en casa en otras culturas; hacemos que otros que vienen de otras culturas se sientan como en casa con nosotros; vemos la interacci\u00f3n entre nuestras opiniones sobre el mundo natural y nuestras creencias religiosas, pol\u00edticas y culturales; buscamos un prop\u00f3sito, consideramos el significado de la vida, examinamos el coraz\u00f3n humano, sopesamos la conciencia; descubrimos la extensi\u00f3n de sistemas vivientes, desde los microbios a biomas; aprendemos a responder de nosotros mismos en un mundo moral que no es ni blanco ni negro; nos dedicamos a la b\u00fasqueda cuidadosa de la verdad; sabemos sobre dinero y la naturaleza del trabajo; batallamos con ideas sobre Dios; desciframos las relaciones entre la tecnolog\u00eda y la vida humana; criamos ni\u00f1os, los nuestros y aquellos de otros; consideramos el bienestar de las futuras generaciones; apreciamos la belleza y usos de las matem\u00e1ticas; forjamos acuerdos con seres queridos, amigos y enemigos; nos dedicamos a los principios, prop\u00f3sitos, y pr\u00e1ctica de la vida p\u00fablica.<br\/>Como estudiantes de artes liberales, hacemos esto como parte de una comunidad con ra\u00edces venerables; una comunidad que todav\u00eda est\u00e1 evolucionando en el tiempo y el espacio; una comunidad de pensamiento, imaginaci\u00f3n, valor, labor y acci\u00f3n<\/p><p>Adoptado por la Facultad de Artes Liberales y Ciencias, 21 de Marzo de 2007<\/p><\/div>\t\t\t<\/div>\n\t\t<\/div>\n\t\t\t<\/div>\n<\/section>\n","protected":false},"excerpt":{"rendered":"","protected":false},"author":5,"featured_media":0,"parent":360,"menu_order":0,"comment_status":"open","ping_status":"open","template":"","meta":{"_acf_changed":false,"footnotes":""},"class_list":["post-365","page","type-page","status-publish","hentry"],"revision_note":"","acf":[],"yoast_head":"<!-- This site is optimized with the Yoast SEO Premium plugin v24.2 (Yoast SEO v26.4) - https:\/\/yoast.com\/wordpress\/plugins\/seo\/ -->\n<title>Core Values (Spanish) | Butler University<\/title>\n<meta name=\"robots\" content=\"index, follow, max-snippet:-1, max-image-preview:large, max-video-preview:-1\" \/>\n<link rel=\"canonical\" href=\"https:\/\/www.butler.edu\/arts-sciences\/core-values\/core-values-spanish\/\" \/>\n<meta property=\"og:locale\" content=\"en_US\" \/>\n<meta property=\"og:type\" content=\"article\" \/>\n<meta property=\"og:title\" content=\"Core Values (Spanish) | Butler University\" \/>\n<meta property=\"og:url\" content=\"https:\/\/www.butler.edu\/arts-sciences\/core-values\/core-values-spanish\/\" \/>\n<meta property=\"og:site_name\" content=\"College of Liberal Arts &amp; Sciences\" \/>\n<meta property=\"article:publisher\" content=\"https:\/\/www.facebook.com\/butleruniversity\" \/>\n<meta property=\"article:modified_time\" content=\"2024-01-19T14:30:38+00:00\" \/>\n<meta property=\"og:image\" content=\"https:\/\/cdn.butler.edu\/www\/sites\/12\/2022\/02\/08102446\/butler-social.jpg\" \/>\n\t<meta property=\"og:image:width\" content=\"1200\" \/>\n\t<meta property=\"og:image:height\" content=\"630\" \/>\n\t<meta property=\"og:image:type\" content=\"image\/jpeg\" \/>\n<meta name=\"twitter:card\" content=\"summary_large_image\" \/>\n<meta name=\"twitter:site\" content=\"@butleru\" \/>\n<script type=\"application\/ld+json\" class=\"yoast-schema-graph\">{\"@context\":\"https:\/\/schema.org\",\"@graph\":[{\"@type\":\"WebPage\",\"@id\":\"https:\/\/www.butler.edu\/arts-sciences\/core-values\/core-values-spanish\/\",\"url\":\"https:\/\/www.butler.edu\/arts-sciences\/core-values\/core-values-spanish\/\",\"name\":\"Core Values (Spanish) | Butler University\",\"isPartOf\":{\"@id\":\"https:\/\/www.butler.edu\/arts-sciences\/#website\"},\"datePublished\":\"2021-10-06T16:50:11+00:00\",\"dateModified\":\"2024-01-19T14:30:38+00:00\",\"breadcrumb\":{\"@id\":\"https:\/\/www.butler.edu\/arts-sciences\/core-values\/core-values-spanish\/#breadcrumb\"},\"inLanguage\":\"en-US\",\"potentialAction\":[{\"@type\":\"ReadAction\",\"target\":[\"https:\/\/www.butler.edu\/arts-sciences\/core-values\/core-values-spanish\/\"]}]},{\"@type\":\"BreadcrumbList\",\"@id\":\"https:\/\/www.butler.edu\/arts-sciences\/core-values\/core-values-spanish\/#breadcrumb\",\"itemListElement\":[{\"@type\":\"ListItem\",\"position\":1,\"name\":\"Home\",\"item\":\"https:\/\/www.butler.edu\/arts-sciences\/\"},{\"@type\":\"ListItem\",\"position\":2,\"name\":\"LAS Core Values\",\"item\":\"https:\/\/www.butler.edu\/arts-sciences\/core-values\/\"},{\"@type\":\"ListItem\",\"position\":3,\"name\":\"Core Values (Spanish)\"}]},{\"@type\":\"WebSite\",\"@id\":\"https:\/\/www.butler.edu\/arts-sciences\/#website\",\"url\":\"https:\/\/www.butler.edu\/arts-sciences\/\",\"name\":\"College of Liberal Arts &amp; Sciences\",\"description\":\"\",\"publisher\":{\"@id\":\"https:\/\/www.butler.edu\/arts-sciences\/#organization\"},\"potentialAction\":[{\"@type\":\"SearchAction\",\"target\":{\"@type\":\"EntryPoint\",\"urlTemplate\":\"https:\/\/www.butler.edu\/arts-sciences\/?s={search_term_string}\"},\"query-input\":{\"@type\":\"PropertyValueSpecification\",\"valueRequired\":true,\"valueName\":\"search_term_string\"}}],\"inLanguage\":\"en-US\"},{\"@type\":\"Organization\",\"@id\":\"https:\/\/www.butler.edu\/arts-sciences\/#organization\",\"name\":\"Butler University\",\"url\":\"https:\/\/www.butler.edu\/arts-sciences\/\",\"logo\":{\"@type\":\"ImageObject\",\"inLanguage\":\"en-US\",\"@id\":\"https:\/\/www.butler.edu\/arts-sciences\/#\/schema\/logo\/image\/\",\"url\":\"https:\/\/www.butler.edu\/arts-sciences\/wp-content\/uploads\/sites\/12\/2022\/01\/cropped-fav.jpg\",\"contentUrl\":\"https:\/\/www.butler.edu\/arts-sciences\/wp-content\/uploads\/sites\/12\/2022\/01\/cropped-fav.jpg\",\"width\":512,\"height\":512,\"caption\":\"Butler University\"},\"image\":{\"@id\":\"https:\/\/www.butler.edu\/arts-sciences\/#\/schema\/logo\/image\/\"},\"sameAs\":[\"https:\/\/www.facebook.com\/butleruniversity\",\"https:\/\/x.com\/butleru\",\"http:\/\/instagram.com\/butleru\",\"https:\/\/www.linkedin.com\/school\/14798\/\",\"https:\/\/www.youtube.com\/user\/butleruniversity\",\"https:\/\/en.wikipedia.org\/wiki\/Butler_University\"]}]}<\/script>\n<!-- \/ Yoast SEO Premium plugin. -->","yoast_head_json":{"title":"Core Values (Spanish) | Butler University","robots":{"index":"index","follow":"follow","max-snippet":"max-snippet:-1","max-image-preview":"max-image-preview:large","max-video-preview":"max-video-preview:-1"},"canonical":"https:\/\/www.butler.edu\/arts-sciences\/core-values\/core-values-spanish\/","og_locale":"en_US","og_type":"article","og_title":"Core Values (Spanish) | Butler University","og_url":"https:\/\/www.butler.edu\/arts-sciences\/core-values\/core-values-spanish\/","og_site_name":"College of Liberal Arts &amp; Sciences","article_publisher":"https:\/\/www.facebook.com\/butleruniversity","article_modified_time":"2024-01-19T14:30:38+00:00","og_image":[{"width":1200,"height":630,"url":"https:\/\/cdn.butler.edu\/www\/sites\/12\/2022\/02\/08102446\/butler-social.jpg","type":"image\/jpeg"}],"twitter_card":"summary_large_image","twitter_site":"@butleru","schema":{"@context":"https:\/\/schema.org","@graph":[{"@type":"WebPage","@id":"https:\/\/www.butler.edu\/arts-sciences\/core-values\/core-values-spanish\/","url":"https:\/\/www.butler.edu\/arts-sciences\/core-values\/core-values-spanish\/","name":"Core Values (Spanish) | Butler University","isPartOf":{"@id":"https:\/\/www.butler.edu\/arts-sciences\/#website"},"datePublished":"2021-10-06T16:50:11+00:00","dateModified":"2024-01-19T14:30:38+00:00","breadcrumb":{"@id":"https:\/\/www.butler.edu\/arts-sciences\/core-values\/core-values-spanish\/#breadcrumb"},"inLanguage":"en-US","potentialAction":[{"@type":"ReadAction","target":["https:\/\/www.butler.edu\/arts-sciences\/core-values\/core-values-spanish\/"]}]},{"@type":"BreadcrumbList","@id":"https:\/\/www.butler.edu\/arts-sciences\/core-values\/core-values-spanish\/#breadcrumb","itemListElement":[{"@type":"ListItem","position":1,"name":"Home","item":"https:\/\/www.butler.edu\/arts-sciences\/"},{"@type":"ListItem","position":2,"name":"LAS Core Values","item":"https:\/\/www.butler.edu\/arts-sciences\/core-values\/"},{"@type":"ListItem","position":3,"name":"Core Values (Spanish)"}]},{"@type":"WebSite","@id":"https:\/\/www.butler.edu\/arts-sciences\/#website","url":"https:\/\/www.butler.edu\/arts-sciences\/","name":"College of Liberal Arts &amp; Sciences","description":"","publisher":{"@id":"https:\/\/www.butler.edu\/arts-sciences\/#organization"},"potentialAction":[{"@type":"SearchAction","target":{"@type":"EntryPoint","urlTemplate":"https:\/\/www.butler.edu\/arts-sciences\/?s={search_term_string}"},"query-input":{"@type":"PropertyValueSpecification","valueRequired":true,"valueName":"search_term_string"}}],"inLanguage":"en-US"},{"@type":"Organization","@id":"https:\/\/www.butler.edu\/arts-sciences\/#organization","name":"Butler University","url":"https:\/\/www.butler.edu\/arts-sciences\/","logo":{"@type":"ImageObject","inLanguage":"en-US","@id":"https:\/\/www.butler.edu\/arts-sciences\/#\/schema\/logo\/image\/","url":"https:\/\/www.butler.edu\/arts-sciences\/wp-content\/uploads\/sites\/12\/2022\/01\/cropped-fav.jpg","contentUrl":"https:\/\/www.butler.edu\/arts-sciences\/wp-content\/uploads\/sites\/12\/2022\/01\/cropped-fav.jpg","width":512,"height":512,"caption":"Butler University"},"image":{"@id":"https:\/\/www.butler.edu\/arts-sciences\/#\/schema\/logo\/image\/"},"sameAs":["https:\/\/www.facebook.com\/butleruniversity","https:\/\/x.com\/butleru","http:\/\/instagram.com\/butleru","https:\/\/www.linkedin.com\/school\/14798\/","https:\/\/www.youtube.com\/user\/butleruniversity","https:\/\/en.wikipedia.org\/wiki\/Butler_University"]}]}},"_links":{"self":[{"href":"https:\/\/www.butler.edu\/arts-sciences\/wp-json\/wp\/v2\/pages\/365","targetHints":{"allow":["GET"]}}],"collection":[{"href":"https:\/\/www.butler.edu\/arts-sciences\/wp-json\/wp\/v2\/pages"}],"about":[{"href":"https:\/\/www.butler.edu\/arts-sciences\/wp-json\/wp\/v2\/types\/page"}],"author":[{"embeddable":true,"href":"https:\/\/www.butler.edu\/arts-sciences\/wp-json\/wp\/v2\/users\/5"}],"replies":[{"embeddable":true,"href":"https:\/\/www.butler.edu\/arts-sciences\/wp-json\/wp\/v2\/comments?post=365"}],"version-history":[{"count":6,"href":"https:\/\/www.butler.edu\/arts-sciences\/wp-json\/wp\/v2\/pages\/365\/revisions"}],"predecessor-version":[{"id":14304,"href":"https:\/\/www.butler.edu\/arts-sciences\/wp-json\/wp\/v2\/pages\/365\/revisions\/14304"}],"up":[{"embeddable":true,"href":"https:\/\/www.butler.edu\/arts-sciences\/wp-json\/wp\/v2\/pages\/360"}],"wp:attachment":[{"href":"https:\/\/www.butler.edu\/arts-sciences\/wp-json\/wp\/v2\/media?parent=365"}],"curies":[{"name":"wp","href":"https:\/\/api.w.org\/{rel}","templated":true}]}}