{"id":364,"date":"2021-10-06T16:50:11","date_gmt":"2021-10-06T16:50:11","guid":{"rendered":"https:\/\/www.butler.edu\/arts-sciences\/core-values-italian\/"},"modified":"2024-01-19T09:30:37","modified_gmt":"2024-01-19T14:30:37","slug":"core-values-italian","status":"publish","type":"page","link":"https:\/\/www.butler.edu\/arts-sciences\/core-values\/core-values-italian\/","title":{"rendered":"Core Values (Italian)"},"content":{"rendered":"<section class=\"wysiwyg wysiwyg-primary-block alignfull\" >\n\t<div class=\"container grid-default wysiwyg__container\">\n\t\t\t\t\t\t<nav class=\"sidebar-menu \" aria-label=\"Site Menu\" id=\"page-nav\">\n\t\t<div class=\"sidebar-menu__wrapper\">\n\t\t\t<header class=\"sidebar-menu__header\">\n\t\t\t\t<span class=\"sidebar-menu__headerLabel\">College of Liberal Arts &#038; Sciences Menu<\/span>\n\n\t\t\t\t\t\t\t\t<button class=\"sidebar-menu__mobileToggle\" title=\"Toggle Menu\" :aria-expanded=\"mobileOpen\"><\/button>\n\t\t\t\t\t\t\t<\/header>\n\n\t\t\t<ul class=\"sidebar-menu__list\" v-show=\"mobileOpen\">\n\t\t\t\t\t\t\t\t\t<li class=\"sidebar-menu__listItem initial-item\">\n\t\t\t\t\t\t<a href=\"https:\/\/www.butler.edu\/arts-sciences\/about\" class=\"sidebar-menu__listLink\" >About<\/a>\n\t\t\t\t\t<\/li>\n\t\t\t\t\t\t\t\t\t<li class=\"sidebar-menu__listItem initial-item\">\n\t\t\t\t\t\t<a href=\"https:\/\/www.butler.edu\/arts-sciences\/undergraduate-programs\/\" class=\"sidebar-menu__listLink\" >Undergraduate Programs<\/a>\n\t\t\t\t\t<\/li>\n\t\t\t\t\t\t\t\t\t<li class=\"sidebar-menu__listItem initial-item\">\n\t\t\t\t\t\t<a href=\"https:\/\/www.butler.edu\/arts-sciences\/las-graduate-programs\/\" class=\"sidebar-menu__listLink\" >Graduate Programs<\/a>\n\t\t\t\t\t<\/li>\n\t\t\t\t\t\t\t\t\t<li class=\"sidebar-menu__listItem initial-item\">\n\t\t\t\t\t\t<a href=\"https:\/\/www.butler.edu\/academics\/three-year-programs\/\" class=\"sidebar-menu__listLink\" >Three-Year Programs<\/a>\n\t\t\t\t\t<\/li>\n\t\t\t\t\t\t\t\t\t<li class=\"sidebar-menu__listItem initial-item\">\n\t\t\t\t\t\t<a href=\"https:\/\/www.butler.edu\/arts-sciences\/faculty-staff\/\" class=\"sidebar-menu__listLink\" >Faculty &#038; Staff<\/a>\n\t\t\t\t\t<\/li>\n\t\t\t\t\t\t\t\t\t<li class=\"sidebar-menu__listItem initial-item\">\n\t\t\t\t\t\t<a href=\"https:\/\/www.butler.edu\/arts-sciences\/experiential-learning\/\" class=\"sidebar-menu__listLink\" >Experiential Learning<\/a>\n\t\t\t\t\t<\/li>\n\t\t\t\t\t\t\t\t\t<li class=\"sidebar-menu__listItem initial-item\">\n\t\t\t\t\t\t<a href=\"https:\/\/www.butler.edu\/arts-sciences\/global-opportunities\/\" class=\"sidebar-menu__listLink\" >Global Opportunities<\/a>\n\t\t\t\t\t<\/li>\n\t\t\t\t\t\t\t\t\t<li class=\"sidebar-menu__listItem initial-item\">\n\t\t\t\t\t\t<a href=\"\/arts-sciences\/essay-contest\" class=\"sidebar-menu__listLink\" >Liberal Arts Essay Contest<\/a>\n\t\t\t\t\t<\/li>\n\t\t\t\t\t\t\t\t\t<li class=\"sidebar-menu__listItem hide-overflow\">\n\t\t\t\t\t\t<a href=\"https:\/\/www.butler.edu\/arts-sciences\/sciences-complex\/\" class=\"sidebar-menu__listLink\" >Sciences Complex<\/a>\n\t\t\t\t\t<\/li>\n\t\t\t\t\t\t\t\t\t<li class=\"sidebar-menu__listItem hide-overflow\">\n\t\t\t\t\t\t<a href=\"https:\/\/www.butler.edu\/academics\/phi-beta-kappa\/\" class=\"sidebar-menu__listLink\" >Phi Beta Kappa Society<\/a>\n\t\t\t\t\t<\/li>\n\t\t\t\t\t\t\t\t\t<li class=\"sidebar-menu__listItem hide-overflow\">\n\t\t\t\t\t\t<a href=\"https:\/\/www.butler.edu\/arts-sciences\/student-awards\" class=\"sidebar-menu__listLink\" >LAS Student Awards<\/a>\n\t\t\t\t\t<\/li>\n\t\t\t\t\t\t\t\t\t<li class=\"sidebar-menu__listItem hide-overflow\">\n\t\t\t\t\t\t<a href=\"https:\/\/www.butler.edu\/arts-sciences\/sci-olympiad\/\" class=\"sidebar-menu__listLink\" >Science Olympiad<\/a>\n\t\t\t\t\t<\/li>\n\t\t\t\t\t\t\t<\/ul>\n\t\t<\/div>\n\t\t\t\t<button class=\"sidebar-menu__desktopToggle\" v-text=\"desktopLabel\" :aria-expanded=\"desktopOpen\">More Links<\/button>\n\t\t\t<\/nav>\n\t\t\t\t<div class=\"wysiwyg__wrapper wysiwyg__wrapper--hasSidebar\">\n\t\t\t<!-- content from editor -->\n\t\t\t<div class=\"wysiwyg__content wysiwyg__contentContainer\">\n\t\t\t\t<div class=\"acf-innerblocks-container\"><h1 class=\"wp-block-heading\">Core Values (Italian)<\/h1><h3 class=\"wp-block-heading\">Valori fondanti della facolt\u00e0<\/h3><p><\/p><h4 class=\"wp-block-heading\">I<\/h4><p>Lo scopo storico di base delle arti liberali \u00e8 allo stesso tempo di insegnarci a pensare da s\u00e8, ad agire bene e con giudizio nel mondo, a intraprendere occupazioni utili a noi e agli altri. Una formazione umanistica, in definitive, si propone di aprirci alla condizone umana con le sue gioie e i suoi dolori attraverso la coltivazione dell\u2019integrit\u00e0, e quindi, di sviluppare in noi il rispetto e la compassione verso chi fa parte insieme a noi della comunit\u00e0 locale e globale in cui viviamo.<br\/>Una formazione umanistica contiene in s\u00e8 un paradosso, e cio\u00e8 che essere capaci di pensare da s\u00e8 significa prima di tutto sapere ascoltare con attenzione i pensieri degli altri. Le arti liberai ci ingiungono a coltivare noi stessi attraverso la consapevolezza degli altri, con il presupposto che l\u2019accurata attenzione alle idee e alle azioni degli altri raffina le nostre.<br\/>Una formazione umanistica \u00e8 per natura pluralistica. Si compone di molte voci che riflettono il luogo e il tempo, alcune discordanti e nessuna assoluta; mira a sviluppare in noi la capaci\u00e0 di discernere quali abilit\u00e0 operative si confanno ai tempi. Una formazione umanistica \u00e8 irrequieta, non d\u00e0 nulla per scontato, fa affidamento al giudizio critico non all\u2019assenso passivo e scandaglia qualsiasi verit\u00e0 ritenuta sacra.<br\/>Una formazione umanistica sviluppa non solo l\u2019abilit\u00e0 critica, non solo l\u2019analisi razionale, ma anche l\u2019espressivit\u00e0 creativa necessarie allo sviluppo e alla realizzazione completa della personalit\u00e0 umana. Tale pratica prepara gli studenti a continuare allo stesso tempo l\u2019opera di educatori di se stessi, anche dopo la fine dell\u2019istruzione formale. Una formazione umanistica si propone di addestrare i discendi alla responsabilit\u00e0 pubblica, non solo al bene individuale.<br\/>Una formazione umanistica valorizza ugualmente sia l\u2019esperienza del viaggio educativo che i traguardi da raggiungere, gratificando i discendi con le sorprese istantanee dell\u2019apprendimento come anche con la soddisfazione di perseguire mete pi\u00fa distanti.<\/p><h4 class=\"wp-block-heading\">II<\/h4><p>Ars in latino significa al contempo abilit\u00e0, conoscenza e pratica. Una formazione umanistica comincia con lo sviluppo delle abilit\u00e0 linguistiche e del pensiero,\u00a0 insegnandoci a leggere bene, a scrivere in modo chiaro e conciso, a sostenere conversazioni in privato, discussioni in pubblico e ad argomentare. Ci insegna a valutare il pubblico a cui ci rivolgiamo e a vagliare le nostre parole attraverso il punto di vista degli altri; a integrare e trasmettere in modo appropriato le altrui parole e pensieri nel nostro lavoro; a fare queste cose discretamente bene anche in altre lingue, e da punti di vista culturali diversi dai nostri.<br\/>Una formazione umanistica ci insegna a formulare ipotesi o discussioni e a valutare il rigore delle posizioni degli altri; a cercare e valutare informazioni nelle biblioteche, in rete e in altre fonti. Ci insegna modalit\u00e0 per accertarsi della verit\u00e0, ci procura i mezzi adatti a formulare giudizi morali ed estetici e il metodo per sviluppare ragionamenti logici, sperimentali, scientifici, matematici e statistici.<br\/>Tali abilit\u00e0 ci permettono di affrontare e risolvere problemi sempre pi\u00fa difficili e impegnativi come anche di riconoscerne i pregiudizi inerenti e cercare di superarli e poter cos\u00ec saggiare punti di vista diversi. Tali abilit\u00e0 sviluppano sottigliezza, profondit\u00e0 e complessit\u00e0.<\/p><h4 class=\"wp-block-heading\">III<\/h4><p>Una formazione umanistica vede la coltivazione di queste capacit\u00e0 non solo come fine a se stessa ma anche come preparazione al perseguimento della conoscenza e degli altri scopi dell\u2019esistenza umana. Nel libro cinese Book of Changes (Il libro dei cambiamenti) si trova in nuce la caratteristica fondamentale della formazione umanistica, e cio\u00e8 che il sapere e il fare non possono essere conquistati dal soggetto fino a quando non vengono considerati da prospettive diverse.<br\/>Lo studio delle arti liberali coltiva al massimo l\u2019eredit\u00e0 del pensiero umano, dell\u2019immaginazione, della creativit\u00e0 e ricerca; la pratica dell\u2019osservazione del mondo naturale; il confronto e la valutazione di importanti teorie che concorrono a formare la nostra comprensione del mondo e della cura di esso. Le arti liberali ci fanno arrivare a capire i funzionamenti e le operazioni delle societ\u00e0, la nostra e quella degli altri, e il modo di migliorarle; ci guidano a identificare e ridurre le fonti dell\u2019odio e dei conflitti umani, a capire e rafforzare le basi della cooperazione umana, ad esplorare le attivit\u00e0 della mente e del corpo; ci chiariscono i nodi che sottengono alle pretese e richieste degli insegnanti, dei politici, della pubblicit\u00e0, degli scienziati, predicatori, giornalisti, dei compagni di casa; ci fanno ponderare la storia attraverso le sue epoche, investigare i meccanismi del cosmo, dall\u2019atomo alle stelle, rivangare il passato della nostra societ\u00e0 e di quella degli altri fino alle notizie correnti. Lo studio delle arti liberali ci fa sentire a casa all\u2019estero e, allo stesso tempo, fa sentire a casa gli stranieri che vivono insieme a noi; ci fa scorgere i rapporti che intercorrono fra la nostra comprensione del mondo naturale e le nostre credenze religiose, politiche e culturali; ricerca lo scopo dell\u2019esistenza, pondera il significato di essa, scrutina il cuore umano e vaglia la coscienza; scopre la vasta gamma degli organismi viventi, dai microbi ai biomi. Insegna a rendere conto di se stessi in una dimensione morale non bipolare, a cercare con diligenza la verit\u00e0, a valutare il denaro e il lavoro, a destreggiarsi con l\u2019idea di Dio, a scandagliare le ralazioni fra la tecnologia e la vita umana, ad apprezzare la bellezza e le applicazioni della matematica. Lo studio delle arti liberali ci insegna a far crescere i figli, non solo i nostri, ma anche quelli degli altri e a pensare al benessere delle generazioni a venire; a venire all\u2019accordo con le persone a noi, care, amici e nemici; a impegnarci nei principi, negli scopi e nella pratica della vita pubblica.<br\/>Da umanisti, discendi delle arti liberali, pratichiamo tutte queste cose entro una comunit\u00e0 dalle radici venerabili: una comunit\u00e0 in evoluzione nello spazio e nel tempo; una comunit\u00e0 che coltiva il pensiero, l\u2019immaginazione, i valori, il lavoro e l\u2019azione.<br\/>Dichiarazione adottata dalla Facolt\u00e0 di Arti Liberali e Scienze il 21 marzo 2007.<\/p><\/div>\t\t\t<\/div>\n\t\t<\/div>\n\t\t\t<\/div>\n<\/section>\n","protected":false},"excerpt":{"rendered":"","protected":false},"author":5,"featured_media":0,"parent":360,"menu_order":0,"comment_status":"open","ping_status":"open","template":"","meta":{"_acf_changed":false,"footnotes":""},"class_list":["post-364","page","type-page","status-publish","hentry"],"revision_note":"","acf":[],"yoast_head":"<!-- This site is optimized with the Yoast SEO Premium plugin v24.2 (Yoast SEO v26.4) - https:\/\/yoast.com\/wordpress\/plugins\/seo\/ -->\n<title>Core Values (Italian) | Butler University<\/title>\n<meta name=\"robots\" content=\"index, follow, max-snippet:-1, max-image-preview:large, max-video-preview:-1\" \/>\n<link rel=\"canonical\" href=\"https:\/\/www.butler.edu\/arts-sciences\/core-values\/core-values-italian\/\" \/>\n<meta property=\"og:locale\" content=\"en_US\" \/>\n<meta property=\"og:type\" content=\"article\" \/>\n<meta property=\"og:title\" content=\"Core Values (Italian) | Butler University\" \/>\n<meta property=\"og:url\" content=\"https:\/\/www.butler.edu\/arts-sciences\/core-values\/core-values-italian\/\" \/>\n<meta property=\"og:site_name\" content=\"College of Liberal Arts &amp; Sciences\" \/>\n<meta property=\"article:publisher\" content=\"https:\/\/www.facebook.com\/butleruniversity\" \/>\n<meta property=\"article:modified_time\" content=\"2024-01-19T14:30:37+00:00\" \/>\n<meta property=\"og:image\" content=\"https:\/\/cdn.butler.edu\/www\/sites\/12\/2022\/02\/08102446\/butler-social.jpg\" \/>\n\t<meta property=\"og:image:width\" content=\"1200\" \/>\n\t<meta property=\"og:image:height\" content=\"630\" \/>\n\t<meta property=\"og:image:type\" content=\"image\/jpeg\" \/>\n<meta name=\"twitter:card\" content=\"summary_large_image\" \/>\n<meta name=\"twitter:site\" content=\"@butleru\" \/>\n<script type=\"application\/ld+json\" class=\"yoast-schema-graph\">{\"@context\":\"https:\/\/schema.org\",\"@graph\":[{\"@type\":\"WebPage\",\"@id\":\"https:\/\/www.butler.edu\/arts-sciences\/core-values\/core-values-italian\/\",\"url\":\"https:\/\/www.butler.edu\/arts-sciences\/core-values\/core-values-italian\/\",\"name\":\"Core Values (Italian) | Butler University\",\"isPartOf\":{\"@id\":\"https:\/\/www.butler.edu\/arts-sciences\/#website\"},\"datePublished\":\"2021-10-06T16:50:11+00:00\",\"dateModified\":\"2024-01-19T14:30:37+00:00\",\"breadcrumb\":{\"@id\":\"https:\/\/www.butler.edu\/arts-sciences\/core-values\/core-values-italian\/#breadcrumb\"},\"inLanguage\":\"en-US\",\"potentialAction\":[{\"@type\":\"ReadAction\",\"target\":[\"https:\/\/www.butler.edu\/arts-sciences\/core-values\/core-values-italian\/\"]}]},{\"@type\":\"BreadcrumbList\",\"@id\":\"https:\/\/www.butler.edu\/arts-sciences\/core-values\/core-values-italian\/#breadcrumb\",\"itemListElement\":[{\"@type\":\"ListItem\",\"position\":1,\"name\":\"Home\",\"item\":\"https:\/\/www.butler.edu\/arts-sciences\/\"},{\"@type\":\"ListItem\",\"position\":2,\"name\":\"LAS Core Values\",\"item\":\"https:\/\/www.butler.edu\/arts-sciences\/core-values\/\"},{\"@type\":\"ListItem\",\"position\":3,\"name\":\"Core Values (Italian)\"}]},{\"@type\":\"WebSite\",\"@id\":\"https:\/\/www.butler.edu\/arts-sciences\/#website\",\"url\":\"https:\/\/www.butler.edu\/arts-sciences\/\",\"name\":\"College of Liberal Arts &amp; Sciences\",\"description\":\"\",\"publisher\":{\"@id\":\"https:\/\/www.butler.edu\/arts-sciences\/#organization\"},\"potentialAction\":[{\"@type\":\"SearchAction\",\"target\":{\"@type\":\"EntryPoint\",\"urlTemplate\":\"https:\/\/www.butler.edu\/arts-sciences\/?s={search_term_string}\"},\"query-input\":{\"@type\":\"PropertyValueSpecification\",\"valueRequired\":true,\"valueName\":\"search_term_string\"}}],\"inLanguage\":\"en-US\"},{\"@type\":\"Organization\",\"@id\":\"https:\/\/www.butler.edu\/arts-sciences\/#organization\",\"name\":\"Butler University\",\"url\":\"https:\/\/www.butler.edu\/arts-sciences\/\",\"logo\":{\"@type\":\"ImageObject\",\"inLanguage\":\"en-US\",\"@id\":\"https:\/\/www.butler.edu\/arts-sciences\/#\/schema\/logo\/image\/\",\"url\":\"https:\/\/www.butler.edu\/arts-sciences\/wp-content\/uploads\/sites\/12\/2022\/01\/cropped-fav.jpg\",\"contentUrl\":\"https:\/\/www.butler.edu\/arts-sciences\/wp-content\/uploads\/sites\/12\/2022\/01\/cropped-fav.jpg\",\"width\":512,\"height\":512,\"caption\":\"Butler University\"},\"image\":{\"@id\":\"https:\/\/www.butler.edu\/arts-sciences\/#\/schema\/logo\/image\/\"},\"sameAs\":[\"https:\/\/www.facebook.com\/butleruniversity\",\"https:\/\/x.com\/butleru\",\"http:\/\/instagram.com\/butleru\",\"https:\/\/www.linkedin.com\/school\/14798\/\",\"https:\/\/www.youtube.com\/user\/butleruniversity\",\"https:\/\/en.wikipedia.org\/wiki\/Butler_University\"]}]}<\/script>\n<!-- \/ Yoast SEO Premium plugin. -->","yoast_head_json":{"title":"Core Values (Italian) | Butler University","robots":{"index":"index","follow":"follow","max-snippet":"max-snippet:-1","max-image-preview":"max-image-preview:large","max-video-preview":"max-video-preview:-1"},"canonical":"https:\/\/www.butler.edu\/arts-sciences\/core-values\/core-values-italian\/","og_locale":"en_US","og_type":"article","og_title":"Core Values (Italian) | Butler University","og_url":"https:\/\/www.butler.edu\/arts-sciences\/core-values\/core-values-italian\/","og_site_name":"College of Liberal Arts &amp; Sciences","article_publisher":"https:\/\/www.facebook.com\/butleruniversity","article_modified_time":"2024-01-19T14:30:37+00:00","og_image":[{"width":1200,"height":630,"url":"https:\/\/cdn.butler.edu\/www\/sites\/12\/2022\/02\/08102446\/butler-social.jpg","type":"image\/jpeg"}],"twitter_card":"summary_large_image","twitter_site":"@butleru","schema":{"@context":"https:\/\/schema.org","@graph":[{"@type":"WebPage","@id":"https:\/\/www.butler.edu\/arts-sciences\/core-values\/core-values-italian\/","url":"https:\/\/www.butler.edu\/arts-sciences\/core-values\/core-values-italian\/","name":"Core Values (Italian) | Butler University","isPartOf":{"@id":"https:\/\/www.butler.edu\/arts-sciences\/#website"},"datePublished":"2021-10-06T16:50:11+00:00","dateModified":"2024-01-19T14:30:37+00:00","breadcrumb":{"@id":"https:\/\/www.butler.edu\/arts-sciences\/core-values\/core-values-italian\/#breadcrumb"},"inLanguage":"en-US","potentialAction":[{"@type":"ReadAction","target":["https:\/\/www.butler.edu\/arts-sciences\/core-values\/core-values-italian\/"]}]},{"@type":"BreadcrumbList","@id":"https:\/\/www.butler.edu\/arts-sciences\/core-values\/core-values-italian\/#breadcrumb","itemListElement":[{"@type":"ListItem","position":1,"name":"Home","item":"https:\/\/www.butler.edu\/arts-sciences\/"},{"@type":"ListItem","position":2,"name":"LAS Core Values","item":"https:\/\/www.butler.edu\/arts-sciences\/core-values\/"},{"@type":"ListItem","position":3,"name":"Core Values (Italian)"}]},{"@type":"WebSite","@id":"https:\/\/www.butler.edu\/arts-sciences\/#website","url":"https:\/\/www.butler.edu\/arts-sciences\/","name":"College of Liberal Arts &amp; Sciences","description":"","publisher":{"@id":"https:\/\/www.butler.edu\/arts-sciences\/#organization"},"potentialAction":[{"@type":"SearchAction","target":{"@type":"EntryPoint","urlTemplate":"https:\/\/www.butler.edu\/arts-sciences\/?s={search_term_string}"},"query-input":{"@type":"PropertyValueSpecification","valueRequired":true,"valueName":"search_term_string"}}],"inLanguage":"en-US"},{"@type":"Organization","@id":"https:\/\/www.butler.edu\/arts-sciences\/#organization","name":"Butler University","url":"https:\/\/www.butler.edu\/arts-sciences\/","logo":{"@type":"ImageObject","inLanguage":"en-US","@id":"https:\/\/www.butler.edu\/arts-sciences\/#\/schema\/logo\/image\/","url":"https:\/\/www.butler.edu\/arts-sciences\/wp-content\/uploads\/sites\/12\/2022\/01\/cropped-fav.jpg","contentUrl":"https:\/\/www.butler.edu\/arts-sciences\/wp-content\/uploads\/sites\/12\/2022\/01\/cropped-fav.jpg","width":512,"height":512,"caption":"Butler University"},"image":{"@id":"https:\/\/www.butler.edu\/arts-sciences\/#\/schema\/logo\/image\/"},"sameAs":["https:\/\/www.facebook.com\/butleruniversity","https:\/\/x.com\/butleru","http:\/\/instagram.com\/butleru","https:\/\/www.linkedin.com\/school\/14798\/","https:\/\/www.youtube.com\/user\/butleruniversity","https:\/\/en.wikipedia.org\/wiki\/Butler_University"]}]}},"_links":{"self":[{"href":"https:\/\/www.butler.edu\/arts-sciences\/wp-json\/wp\/v2\/pages\/364","targetHints":{"allow":["GET"]}}],"collection":[{"href":"https:\/\/www.butler.edu\/arts-sciences\/wp-json\/wp\/v2\/pages"}],"about":[{"href":"https:\/\/www.butler.edu\/arts-sciences\/wp-json\/wp\/v2\/types\/page"}],"author":[{"embeddable":true,"href":"https:\/\/www.butler.edu\/arts-sciences\/wp-json\/wp\/v2\/users\/5"}],"replies":[{"embeddable":true,"href":"https:\/\/www.butler.edu\/arts-sciences\/wp-json\/wp\/v2\/comments?post=364"}],"version-history":[{"count":5,"href":"https:\/\/www.butler.edu\/arts-sciences\/wp-json\/wp\/v2\/pages\/364\/revisions"}],"predecessor-version":[{"id":14303,"href":"https:\/\/www.butler.edu\/arts-sciences\/wp-json\/wp\/v2\/pages\/364\/revisions\/14303"}],"up":[{"embeddable":true,"href":"https:\/\/www.butler.edu\/arts-sciences\/wp-json\/wp\/v2\/pages\/360"}],"wp:attachment":[{"href":"https:\/\/www.butler.edu\/arts-sciences\/wp-json\/wp\/v2\/media?parent=364"}],"curies":[{"name":"wp","href":"https:\/\/api.w.org\/{rel}","templated":true}]}}