{"id":363,"date":"2021-10-06T16:50:11","date_gmt":"2021-10-06T16:50:11","guid":{"rendered":"https:\/\/www.butler.edu\/arts-sciences\/core-values-german\/"},"modified":"2024-01-19T09:30:36","modified_gmt":"2024-01-19T14:30:36","slug":"core-values-german","status":"publish","type":"page","link":"https:\/\/www.butler.edu\/arts-sciences\/core-values\/core-values-german\/","title":{"rendered":"Core Values (German)"},"content":{"rendered":"<section class=\"wysiwyg wysiwyg-primary-block alignfull\" >\n\t<div class=\"container grid-default wysiwyg__container\">\n\t\t\t\t\t\t<nav class=\"sidebar-menu \" aria-label=\"Site Menu\" id=\"page-nav\">\n\t\t<div class=\"sidebar-menu__wrapper\">\n\t\t\t<header class=\"sidebar-menu__header\">\n\t\t\t\t<span class=\"sidebar-menu__headerLabel\">College of Liberal Arts &#038; Sciences Menu<\/span>\n\n\t\t\t\t\t\t\t\t<button class=\"sidebar-menu__mobileToggle\" title=\"Toggle Menu\" :aria-expanded=\"mobileOpen\"><\/button>\n\t\t\t\t\t\t\t<\/header>\n\n\t\t\t<ul class=\"sidebar-menu__list\" v-show=\"mobileOpen\">\n\t\t\t\t\t\t\t\t\t<li class=\"sidebar-menu__listItem initial-item\">\n\t\t\t\t\t\t<a href=\"https:\/\/www.butler.edu\/arts-sciences\/about\" class=\"sidebar-menu__listLink\" >About<\/a>\n\t\t\t\t\t<\/li>\n\t\t\t\t\t\t\t\t\t<li class=\"sidebar-menu__listItem initial-item\">\n\t\t\t\t\t\t<a href=\"https:\/\/www.butler.edu\/arts-sciences\/undergraduate-programs\/\" class=\"sidebar-menu__listLink\" >Undergraduate Programs<\/a>\n\t\t\t\t\t<\/li>\n\t\t\t\t\t\t\t\t\t<li class=\"sidebar-menu__listItem initial-item\">\n\t\t\t\t\t\t<a href=\"https:\/\/www.butler.edu\/arts-sciences\/las-graduate-programs\/\" class=\"sidebar-menu__listLink\" >Graduate Programs<\/a>\n\t\t\t\t\t<\/li>\n\t\t\t\t\t\t\t\t\t<li class=\"sidebar-menu__listItem initial-item\">\n\t\t\t\t\t\t<a href=\"https:\/\/www.butler.edu\/academics\/three-year-programs\/\" class=\"sidebar-menu__listLink\" >Three-Year Programs<\/a>\n\t\t\t\t\t<\/li>\n\t\t\t\t\t\t\t\t\t<li class=\"sidebar-menu__listItem initial-item\">\n\t\t\t\t\t\t<a href=\"https:\/\/www.butler.edu\/arts-sciences\/faculty-staff\/\" class=\"sidebar-menu__listLink\" >Faculty &#038; Staff<\/a>\n\t\t\t\t\t<\/li>\n\t\t\t\t\t\t\t\t\t<li class=\"sidebar-menu__listItem initial-item\">\n\t\t\t\t\t\t<a href=\"https:\/\/www.butler.edu\/arts-sciences\/experiential-learning\/\" class=\"sidebar-menu__listLink\" >Experiential Learning<\/a>\n\t\t\t\t\t<\/li>\n\t\t\t\t\t\t\t\t\t<li class=\"sidebar-menu__listItem initial-item\">\n\t\t\t\t\t\t<a href=\"https:\/\/www.butler.edu\/arts-sciences\/global-opportunities\/\" class=\"sidebar-menu__listLink\" >Global Opportunities<\/a>\n\t\t\t\t\t<\/li>\n\t\t\t\t\t\t\t\t\t<li class=\"sidebar-menu__listItem initial-item\">\n\t\t\t\t\t\t<a href=\"\/arts-sciences\/essay-contest\" class=\"sidebar-menu__listLink\" >Liberal Arts Essay Contest<\/a>\n\t\t\t\t\t<\/li>\n\t\t\t\t\t\t\t\t\t<li class=\"sidebar-menu__listItem hide-overflow\">\n\t\t\t\t\t\t<a href=\"https:\/\/www.butler.edu\/arts-sciences\/sciences-complex\/\" class=\"sidebar-menu__listLink\" >Sciences Complex<\/a>\n\t\t\t\t\t<\/li>\n\t\t\t\t\t\t\t\t\t<li class=\"sidebar-menu__listItem hide-overflow\">\n\t\t\t\t\t\t<a href=\"https:\/\/www.butler.edu\/academics\/phi-beta-kappa\/\" class=\"sidebar-menu__listLink\" >Phi Beta Kappa Society<\/a>\n\t\t\t\t\t<\/li>\n\t\t\t\t\t\t\t\t\t<li class=\"sidebar-menu__listItem hide-overflow\">\n\t\t\t\t\t\t<a href=\"https:\/\/www.butler.edu\/arts-sciences\/student-awards\" class=\"sidebar-menu__listLink\" >LAS Student Awards<\/a>\n\t\t\t\t\t<\/li>\n\t\t\t\t\t\t\t\t\t<li class=\"sidebar-menu__listItem hide-overflow\">\n\t\t\t\t\t\t<a href=\"https:\/\/www.butler.edu\/arts-sciences\/sci-olympiad\/\" class=\"sidebar-menu__listLink\" >Science Olympiad<\/a>\n\t\t\t\t\t<\/li>\n\t\t\t\t\t\t\t<\/ul>\n\t\t<\/div>\n\t\t\t\t<button class=\"sidebar-menu__desktopToggle\" v-text=\"desktopLabel\" :aria-expanded=\"desktopOpen\">More Links<\/button>\n\t\t\t<\/nav>\n\t\t\t\t<div class=\"wysiwyg__wrapper wysiwyg__wrapper--hasSidebar\">\n\t\t\t<!-- content from editor -->\n\t\t\t<div class=\"wysiwyg__content wysiwyg__contentContainer\">\n\t\t\t\t<div class=\"acf-innerblocks-container\"><h1 class=\"wp-block-heading\">Core Values (German)<\/h1><h3 class=\"wp-block-heading\">Grundwerte der Geistes- und Naturwissenschaften<\/h3><p><\/p><h4 class=\"wp-block-heading\">I<\/h4><p>Der grundlegende und historische Zweck der freien K\u00fcnste (artes liberales) besteht zugleich darin, uns zu lehren, f\u00fcr uns selbst zu denken, in der Welt vern\u00fcnftigerweise und gut zu handeln sowie Berufe aufzunehmen, die uns selbst und anderen n\u00fctzlich sind. Der Bildungsumfang der freien K\u00fcnste will uns schlie\u00dflich das Leid und die Freude des menschlichen Zustandes offen legen, unsere pers\u00f6nliche Vollst\u00e4ndigkeit ern\u00e4hren, so dass Mitleid f\u00fcr und R\u00fccksicht auf unsere Mitmenschen, deren Leben wir in unseren eigenen Gemeinschaften und rund um die Welt teilen, in uns entwickeln.<br\/>Die Ausbildung in den freien K\u00fcnsten beruht auf einem Paradox: f\u00fcr sich selbst folgerichtig zu denken bedeutet zun\u00e4chst, den Gedanken von anderen sorgf\u00e4ltig zuzuh\u00f6ren. Die freien K\u00fcnste dr\u00e4ngen uns, uns durch das Bewusstsein von anderen zu kultivieren: Besondere Aufmerksamkeit auf ihre Ideen und T\u00e4tigkeiten hilft uns, unsere eigene zu verfeinern.<br\/>Die Ausbildung in den freien K\u00fcnsten ist pluralistisch. Sie besteht aus vielen Stimmen: Jede der Zeit und dem Ort passend, einige widersprechend, keine absolut. Sie sucht, in uns einen Geist zu entwickeln, der beurteilt, welche F\u00e4higkeiten zu welchen Zeitpunkten angebracht sind. Die Ausbildung in den freien K\u00fcnsten ist unerm\u00fcdlich. Sie nimmt nichts als erwiesen an. Ihre charakteristische T\u00e4tigkeit ist nicht unkritische Bewilligung sondern kritisches Urteil. Sie pr\u00fcft heilige Wahrheiten jeder Art.<br\/>Die freien K\u00fcnste entwickeln nicht nur kritische sondern auch kreative F\u00e4higkeiten, nicht nur rationale Analyse sondern auch den kreativen Ausdruck. Sie suchen, die F\u00fclle der menschlichen Beschaffenheit zu entwickeln und zu entfalten. Ihre \u00dcbung zielt au\u00dferdem auf das Vorbereiten der Studierenden, sich weiterzubilden, lange nachdem die formale Bildung zu Ende kommt. Die Ausbildung in den freien K\u00fcnsten hat die Absicht, die Studierenden f\u00fcr allgemeine Verantwortlichkeit nicht blo\u00df den Eigennutz auszubilden.<br\/>Die Ausbildung in den freien K\u00fcnsten besteht sowie aus der Reise als auch aus dem Endziel. Sie nimmt so viel Freude an den fl\u00fcchtigen und minuti\u00f6sen Seltsamkeiten des Lernens wie an der Erf\u00fcllung der fernen Ziele. Sie gleicht den Begehren, etwas zu wissen, mit Einf\u00fchlungsverm\u00f6gen und Stauen aus.<\/p><h4 class=\"wp-block-heading\">II<\/h4><p>Das lateinische Wort \u201ears\u201c bedeutet zugleich F\u00e4higkeit, Wissen und Praxis. Eine Ausbildung in den freien K\u00fcnsten f\u00e4ngt mit den F\u00e4higkeiten der Sprache und des Denkens an.<br\/>Sie lehrt uns, gut zu lesen und zu h\u00f6ren; eindeutige und pr\u00e4gnante Prosa zu schreiben; privat im Gespr\u00e4ch, \u00f6ffentlich in Diskussionen und formell in Reden zu sprechen; das Publikum zu beurteilen und die eigenen Worte aus der Perspektive von anderen zu betrachten; die Worte und Gedanken von anderen passend zu zitieren und in die eigene Arbeit zu integrieren; dazu alle diese Aufgaben leidlich gut in Fremdsprachen und in den Weltanschauungen von anderen zu tun.<br\/>Sie lehrt uns, einen Fall oder eine Hypothese oder ein Argument darzulegen; die Strenge anderer Argumente auszuwerten; Informationen in Bibliotheken, im Internet und aus anderen Quellen zu finden und zu beurteilen. Sie bringt uns Methoden des Ermittelns von Wahrheit und Unwahrheit bei, Einfallsreichtum geeignet zum moralischen und \u00e4sthetischen Urteil sowie Methoden der logischen, experimentellen, wissenschaftlichen, mathematischen und statistischen Argumentation.<br\/>Diese F\u00e4higkeiten erlauben uns, die zunehmend schwierigen und herausfordernden Probleme anzupacken und zu l\u00f6sen, Quellen der Vorurteile und Mittel deren \u00dcberwindung zu sch\u00e4tzen sowie Argumente aus widersprechenden Weltanschauungen zu unterhalten. Sie entwickeln in uns den Sinn der Spitzfindigkeit, der Tiefe und der Vielschichtigkeit.<\/p><h4 class=\"wp-block-heading\">III<\/h4><p>Die Ausbildung in den freien K\u00fcnsten betrachtet die Kultivierung dieser F\u00e4higkeiten nicht nur als Selbstzweck sondern auch als Vorbereitung auf das Streben nach Wissen und anderen Zwecken des menschlichen Lebens. Das chinesische \u201eBuch der Wandlungen\u201c (I Ging) verk\u00f6rpert eine grundlegende Qualit\u00e4t der Ausbildung in den freien K\u00fcnsten, wenn es darauf andeutet, dass Wissen und Praxis nicht beherrscht werden k\u00f6nnen, bis sie aus verschiedenen Perspektiven betrachtet worden sind.<br\/>Als Studierende der freien K\u00fcnste kultivieren wir so gr\u00fcndlich wie m\u00f6glich das Verm\u00e4chtnis des menschlichen Denkens, der Vorstellungskraft, der Kreativit\u00e4t und der Forschung; wir beobachten Natur; wir konfrontieren und werten wichtige Theorien aus, die unser Verst\u00e4ndnis der Welt pr\u00e4gen; wir stellen fest, wie unsere eigene Gesellschaft sowie die Gesellschaften von anderen funktionieren und verbessert werden k\u00f6nnen; wir wiegen die Kosten und den Nutzen des modernen menschlichen Lebens zur Einzelperson und zum Planeten ab; wir suchen, die Quellen des menschlichen Hasses und Konflikts zu begreifen und zu verringern; wir zielen darauf ab, zu verstehen und zu verst\u00e4rken, was menschliche Mitarbeit anspornt; wir erforschen die Funktionen des menschlichen Verstandes und des K\u00f6rpers; wir entwirren Behauptungen der Lehrer, Politiker, Inserenten, Wissenschaftler, Prediger, Journalisten und Mitbewohner; wir \u00fcberlegen die Geschichte von den fr\u00fchesten Epochen zur aktuellsten Gegenwart; wir forschen den Mechanismus des Kosmos vom Atom zu den Sternen nach; wir vertiefen uns in die fr\u00fcheren Erfahrungen unserer und anderer Gesellschaften sowie in die gegenw\u00e4rtigen Nachrichten; wir machen uns M\u00fche, in der Kultur von anderen zu Hause zu f\u00fchlen; wir helfen anderen, sich in unserer Kultur zu Hause zu f\u00fchlen; wir sehen die Wechselwirkung zwischen unseren \u00dcberzeugungen \u00fcber die nat\u00fcrliche Welt und unseren \u00dcberzeugungen \u00fcber Religion, Politik und Kultur; wir sp\u00fcren einen Zweck auf; wir denken \u00fcber die Bedeutung des Lebens nach; wir forschen das menschliche Herz nach; wir wiegen Gewissenhaftigkeit ab; wir entdecken die Schleife der lebendigen Systeme von Mikroben zu Biomen; wir erlernen, uns in einer moralischen Welt zu bew\u00e4hren, die weder schwarz noch wei\u00df ist; wir engagieren uns in einer vorsichtigen Suche nach Wahrheit; wir kennen die Art und Weise des Geldes und die Natur der Arbeit; wir ringen mit Ideen \u00fcber Gott; wir ergr\u00fcnden die Wechselwirkungen zwischen Technologie und menschlichem Leben; wir erziehen Kinder, unsere eigenen und die von anderen; wir betrachten das Wohl k\u00fcnftiger Generationen; wir sch\u00e4tzen die Sch\u00f6nheit und den Nutzen von Mathematik; wir schmieden Vereinbarungen mit Geliebten, Freunden und Feinden; wir beteiligen uns an den Prinzipien, den Zwecken und der Praxis des \u00f6ffentlichen Lebens.<br\/>Als Studierende der freien K\u00fcnste \u00fcbernehmen wir diese Aufgabe als Glied einer Gemeinschaft mit ehrw\u00fcrdigen Wurzeln; eine Gemeinschaft, die sich noch im Raum und in der Zeit entwickelt; eine Gemeinschaft des Denkens, der Vorstellungskraft, des Wertes, der Arbeit und der T\u00e4tigkeit.<br\/>\u00dcbernommen vom College of Liberal Arts and Sciences am 21. M\u00e4rz 2007.<\/p><p>\u00dcbersetzt von Dr. Matthew Lange<\/p><\/div>\t\t\t<\/div>\n\t\t<\/div>\n\t\t\t<\/div>\n<\/section>\n","protected":false},"excerpt":{"rendered":"","protected":false},"author":5,"featured_media":0,"parent":360,"menu_order":0,"comment_status":"open","ping_status":"open","template":"","meta":{"_acf_changed":false,"footnotes":""},"class_list":["post-363","page","type-page","status-publish","hentry"],"revision_note":"","acf":[],"yoast_head":"<!-- This site is optimized with the Yoast SEO Premium plugin v24.2 (Yoast SEO v26.4) - https:\/\/yoast.com\/wordpress\/plugins\/seo\/ -->\n<title>Core Values (German) | Butler University<\/title>\n<meta name=\"robots\" content=\"index, follow, max-snippet:-1, max-image-preview:large, max-video-preview:-1\" \/>\n<link rel=\"canonical\" href=\"https:\/\/www.butler.edu\/arts-sciences\/core-values\/core-values-german\/\" \/>\n<meta property=\"og:locale\" content=\"en_US\" \/>\n<meta property=\"og:type\" content=\"article\" \/>\n<meta property=\"og:title\" content=\"Core Values (German) | Butler University\" \/>\n<meta property=\"og:url\" content=\"https:\/\/www.butler.edu\/arts-sciences\/core-values\/core-values-german\/\" \/>\n<meta property=\"og:site_name\" content=\"College of Liberal Arts &amp; Sciences\" \/>\n<meta property=\"article:publisher\" content=\"https:\/\/www.facebook.com\/butleruniversity\" \/>\n<meta property=\"article:modified_time\" content=\"2024-01-19T14:30:36+00:00\" \/>\n<meta property=\"og:image\" content=\"https:\/\/cdn.butler.edu\/www\/sites\/12\/2022\/02\/08102446\/butler-social.jpg\" \/>\n\t<meta property=\"og:image:width\" content=\"1200\" \/>\n\t<meta property=\"og:image:height\" content=\"630\" \/>\n\t<meta property=\"og:image:type\" content=\"image\/jpeg\" \/>\n<meta name=\"twitter:card\" content=\"summary_large_image\" \/>\n<meta name=\"twitter:site\" content=\"@butleru\" \/>\n<script type=\"application\/ld+json\" class=\"yoast-schema-graph\">{\"@context\":\"https:\/\/schema.org\",\"@graph\":[{\"@type\":\"WebPage\",\"@id\":\"https:\/\/www.butler.edu\/arts-sciences\/core-values\/core-values-german\/\",\"url\":\"https:\/\/www.butler.edu\/arts-sciences\/core-values\/core-values-german\/\",\"name\":\"Core Values (German) | Butler University\",\"isPartOf\":{\"@id\":\"https:\/\/www.butler.edu\/arts-sciences\/#website\"},\"datePublished\":\"2021-10-06T16:50:11+00:00\",\"dateModified\":\"2024-01-19T14:30:36+00:00\",\"breadcrumb\":{\"@id\":\"https:\/\/www.butler.edu\/arts-sciences\/core-values\/core-values-german\/#breadcrumb\"},\"inLanguage\":\"en-US\",\"potentialAction\":[{\"@type\":\"ReadAction\",\"target\":[\"https:\/\/www.butler.edu\/arts-sciences\/core-values\/core-values-german\/\"]}]},{\"@type\":\"BreadcrumbList\",\"@id\":\"https:\/\/www.butler.edu\/arts-sciences\/core-values\/core-values-german\/#breadcrumb\",\"itemListElement\":[{\"@type\":\"ListItem\",\"position\":1,\"name\":\"Home\",\"item\":\"https:\/\/www.butler.edu\/arts-sciences\/\"},{\"@type\":\"ListItem\",\"position\":2,\"name\":\"LAS Core Values\",\"item\":\"https:\/\/www.butler.edu\/arts-sciences\/core-values\/\"},{\"@type\":\"ListItem\",\"position\":3,\"name\":\"Core Values (German)\"}]},{\"@type\":\"WebSite\",\"@id\":\"https:\/\/www.butler.edu\/arts-sciences\/#website\",\"url\":\"https:\/\/www.butler.edu\/arts-sciences\/\",\"name\":\"College of Liberal Arts &amp; Sciences\",\"description\":\"\",\"publisher\":{\"@id\":\"https:\/\/www.butler.edu\/arts-sciences\/#organization\"},\"potentialAction\":[{\"@type\":\"SearchAction\",\"target\":{\"@type\":\"EntryPoint\",\"urlTemplate\":\"https:\/\/www.butler.edu\/arts-sciences\/?s={search_term_string}\"},\"query-input\":{\"@type\":\"PropertyValueSpecification\",\"valueRequired\":true,\"valueName\":\"search_term_string\"}}],\"inLanguage\":\"en-US\"},{\"@type\":\"Organization\",\"@id\":\"https:\/\/www.butler.edu\/arts-sciences\/#organization\",\"name\":\"Butler University\",\"url\":\"https:\/\/www.butler.edu\/arts-sciences\/\",\"logo\":{\"@type\":\"ImageObject\",\"inLanguage\":\"en-US\",\"@id\":\"https:\/\/www.butler.edu\/arts-sciences\/#\/schema\/logo\/image\/\",\"url\":\"https:\/\/www.butler.edu\/arts-sciences\/wp-content\/uploads\/sites\/12\/2022\/01\/cropped-fav.jpg\",\"contentUrl\":\"https:\/\/www.butler.edu\/arts-sciences\/wp-content\/uploads\/sites\/12\/2022\/01\/cropped-fav.jpg\",\"width\":512,\"height\":512,\"caption\":\"Butler University\"},\"image\":{\"@id\":\"https:\/\/www.butler.edu\/arts-sciences\/#\/schema\/logo\/image\/\"},\"sameAs\":[\"https:\/\/www.facebook.com\/butleruniversity\",\"https:\/\/x.com\/butleru\",\"http:\/\/instagram.com\/butleru\",\"https:\/\/www.linkedin.com\/school\/14798\/\",\"https:\/\/www.youtube.com\/user\/butleruniversity\",\"https:\/\/en.wikipedia.org\/wiki\/Butler_University\"]}]}<\/script>\n<!-- \/ Yoast SEO Premium plugin. -->","yoast_head_json":{"title":"Core Values (German) | Butler University","robots":{"index":"index","follow":"follow","max-snippet":"max-snippet:-1","max-image-preview":"max-image-preview:large","max-video-preview":"max-video-preview:-1"},"canonical":"https:\/\/www.butler.edu\/arts-sciences\/core-values\/core-values-german\/","og_locale":"en_US","og_type":"article","og_title":"Core Values (German) | Butler University","og_url":"https:\/\/www.butler.edu\/arts-sciences\/core-values\/core-values-german\/","og_site_name":"College of Liberal Arts &amp; Sciences","article_publisher":"https:\/\/www.facebook.com\/butleruniversity","article_modified_time":"2024-01-19T14:30:36+00:00","og_image":[{"width":1200,"height":630,"url":"https:\/\/cdn.butler.edu\/www\/sites\/12\/2022\/02\/08102446\/butler-social.jpg","type":"image\/jpeg"}],"twitter_card":"summary_large_image","twitter_site":"@butleru","schema":{"@context":"https:\/\/schema.org","@graph":[{"@type":"WebPage","@id":"https:\/\/www.butler.edu\/arts-sciences\/core-values\/core-values-german\/","url":"https:\/\/www.butler.edu\/arts-sciences\/core-values\/core-values-german\/","name":"Core Values (German) | Butler University","isPartOf":{"@id":"https:\/\/www.butler.edu\/arts-sciences\/#website"},"datePublished":"2021-10-06T16:50:11+00:00","dateModified":"2024-01-19T14:30:36+00:00","breadcrumb":{"@id":"https:\/\/www.butler.edu\/arts-sciences\/core-values\/core-values-german\/#breadcrumb"},"inLanguage":"en-US","potentialAction":[{"@type":"ReadAction","target":["https:\/\/www.butler.edu\/arts-sciences\/core-values\/core-values-german\/"]}]},{"@type":"BreadcrumbList","@id":"https:\/\/www.butler.edu\/arts-sciences\/core-values\/core-values-german\/#breadcrumb","itemListElement":[{"@type":"ListItem","position":1,"name":"Home","item":"https:\/\/www.butler.edu\/arts-sciences\/"},{"@type":"ListItem","position":2,"name":"LAS Core Values","item":"https:\/\/www.butler.edu\/arts-sciences\/core-values\/"},{"@type":"ListItem","position":3,"name":"Core Values (German)"}]},{"@type":"WebSite","@id":"https:\/\/www.butler.edu\/arts-sciences\/#website","url":"https:\/\/www.butler.edu\/arts-sciences\/","name":"College of Liberal Arts &amp; Sciences","description":"","publisher":{"@id":"https:\/\/www.butler.edu\/arts-sciences\/#organization"},"potentialAction":[{"@type":"SearchAction","target":{"@type":"EntryPoint","urlTemplate":"https:\/\/www.butler.edu\/arts-sciences\/?s={search_term_string}"},"query-input":{"@type":"PropertyValueSpecification","valueRequired":true,"valueName":"search_term_string"}}],"inLanguage":"en-US"},{"@type":"Organization","@id":"https:\/\/www.butler.edu\/arts-sciences\/#organization","name":"Butler University","url":"https:\/\/www.butler.edu\/arts-sciences\/","logo":{"@type":"ImageObject","inLanguage":"en-US","@id":"https:\/\/www.butler.edu\/arts-sciences\/#\/schema\/logo\/image\/","url":"https:\/\/www.butler.edu\/arts-sciences\/wp-content\/uploads\/sites\/12\/2022\/01\/cropped-fav.jpg","contentUrl":"https:\/\/www.butler.edu\/arts-sciences\/wp-content\/uploads\/sites\/12\/2022\/01\/cropped-fav.jpg","width":512,"height":512,"caption":"Butler University"},"image":{"@id":"https:\/\/www.butler.edu\/arts-sciences\/#\/schema\/logo\/image\/"},"sameAs":["https:\/\/www.facebook.com\/butleruniversity","https:\/\/x.com\/butleru","http:\/\/instagram.com\/butleru","https:\/\/www.linkedin.com\/school\/14798\/","https:\/\/www.youtube.com\/user\/butleruniversity","https:\/\/en.wikipedia.org\/wiki\/Butler_University"]}]}},"_links":{"self":[{"href":"https:\/\/www.butler.edu\/arts-sciences\/wp-json\/wp\/v2\/pages\/363","targetHints":{"allow":["GET"]}}],"collection":[{"href":"https:\/\/www.butler.edu\/arts-sciences\/wp-json\/wp\/v2\/pages"}],"about":[{"href":"https:\/\/www.butler.edu\/arts-sciences\/wp-json\/wp\/v2\/types\/page"}],"author":[{"embeddable":true,"href":"https:\/\/www.butler.edu\/arts-sciences\/wp-json\/wp\/v2\/users\/5"}],"replies":[{"embeddable":true,"href":"https:\/\/www.butler.edu\/arts-sciences\/wp-json\/wp\/v2\/comments?post=363"}],"version-history":[{"count":5,"href":"https:\/\/www.butler.edu\/arts-sciences\/wp-json\/wp\/v2\/pages\/363\/revisions"}],"predecessor-version":[{"id":14302,"href":"https:\/\/www.butler.edu\/arts-sciences\/wp-json\/wp\/v2\/pages\/363\/revisions\/14302"}],"up":[{"embeddable":true,"href":"https:\/\/www.butler.edu\/arts-sciences\/wp-json\/wp\/v2\/pages\/360"}],"wp:attachment":[{"href":"https:\/\/www.butler.edu\/arts-sciences\/wp-json\/wp\/v2\/media?parent=363"}],"curies":[{"name":"wp","href":"https:\/\/api.w.org\/{rel}","templated":true}]}}