{"id":362,"date":"2021-10-06T16:50:10","date_gmt":"2021-10-06T16:50:10","guid":{"rendered":"https:\/\/www.butler.edu\/arts-sciences\/core-values-french\/"},"modified":"2024-01-19T09:30:42","modified_gmt":"2024-01-19T14:30:42","slug":"core-values-french","status":"publish","type":"page","link":"https:\/\/www.butler.edu\/arts-sciences\/core-values\/core-values-french\/","title":{"rendered":"Core Values (French)"},"content":{"rendered":"<section class=\"wysiwyg wysiwyg-primary-block alignfull\" >\n\t<div class=\"container grid-default wysiwyg__container\">\n\t\t\t\t\t\t<nav class=\"sidebar-menu \" aria-label=\"Site Menu\" id=\"page-nav\">\n\t\t<div class=\"sidebar-menu__wrapper\">\n\t\t\t<header class=\"sidebar-menu__header\">\n\t\t\t\t<span class=\"sidebar-menu__headerLabel\">College of Liberal Arts &#038; Sciences Menu<\/span>\n\n\t\t\t\t\t\t\t\t<button class=\"sidebar-menu__mobileToggle\" title=\"Toggle Menu\" :aria-expanded=\"mobileOpen\"><\/button>\n\t\t\t\t\t\t\t<\/header>\n\n\t\t\t<ul class=\"sidebar-menu__list\" v-show=\"mobileOpen\">\n\t\t\t\t\t\t\t\t\t<li class=\"sidebar-menu__listItem initial-item\">\n\t\t\t\t\t\t<a href=\"https:\/\/www.butler.edu\/arts-sciences\/about\" class=\"sidebar-menu__listLink\" >About<\/a>\n\t\t\t\t\t<\/li>\n\t\t\t\t\t\t\t\t\t<li class=\"sidebar-menu__listItem initial-item\">\n\t\t\t\t\t\t<a href=\"https:\/\/www.butler.edu\/arts-sciences\/undergraduate-programs\/\" class=\"sidebar-menu__listLink\" >Undergraduate Programs<\/a>\n\t\t\t\t\t<\/li>\n\t\t\t\t\t\t\t\t\t<li class=\"sidebar-menu__listItem initial-item\">\n\t\t\t\t\t\t<a href=\"https:\/\/www.butler.edu\/arts-sciences\/las-graduate-programs\/\" class=\"sidebar-menu__listLink\" >Graduate Programs<\/a>\n\t\t\t\t\t<\/li>\n\t\t\t\t\t\t\t\t\t<li class=\"sidebar-menu__listItem initial-item\">\n\t\t\t\t\t\t<a href=\"https:\/\/www.butler.edu\/academics\/three-year-programs\/\" class=\"sidebar-menu__listLink\" >Three-Year Programs<\/a>\n\t\t\t\t\t<\/li>\n\t\t\t\t\t\t\t\t\t<li class=\"sidebar-menu__listItem initial-item\">\n\t\t\t\t\t\t<a href=\"https:\/\/www.butler.edu\/arts-sciences\/faculty-staff\/\" class=\"sidebar-menu__listLink\" >Faculty &#038; Staff<\/a>\n\t\t\t\t\t<\/li>\n\t\t\t\t\t\t\t\t\t<li class=\"sidebar-menu__listItem initial-item\">\n\t\t\t\t\t\t<a href=\"https:\/\/www.butler.edu\/arts-sciences\/experiential-learning\/\" class=\"sidebar-menu__listLink\" >Experiential Learning<\/a>\n\t\t\t\t\t<\/li>\n\t\t\t\t\t\t\t\t\t<li class=\"sidebar-menu__listItem initial-item\">\n\t\t\t\t\t\t<a href=\"https:\/\/www.butler.edu\/arts-sciences\/global-opportunities\/\" class=\"sidebar-menu__listLink\" >Global Opportunities<\/a>\n\t\t\t\t\t<\/li>\n\t\t\t\t\t\t\t\t\t<li class=\"sidebar-menu__listItem initial-item\">\n\t\t\t\t\t\t<a href=\"\/arts-sciences\/essay-contest\" class=\"sidebar-menu__listLink\" >Liberal Arts Essay Contest<\/a>\n\t\t\t\t\t<\/li>\n\t\t\t\t\t\t\t\t\t<li class=\"sidebar-menu__listItem hide-overflow\">\n\t\t\t\t\t\t<a href=\"https:\/\/www.butler.edu\/arts-sciences\/sciences-complex\/\" class=\"sidebar-menu__listLink\" >Sciences Complex<\/a>\n\t\t\t\t\t<\/li>\n\t\t\t\t\t\t\t\t\t<li class=\"sidebar-menu__listItem hide-overflow\">\n\t\t\t\t\t\t<a href=\"https:\/\/www.butler.edu\/academics\/phi-beta-kappa\/\" class=\"sidebar-menu__listLink\" >Phi Beta Kappa Society<\/a>\n\t\t\t\t\t<\/li>\n\t\t\t\t\t\t\t\t\t<li class=\"sidebar-menu__listItem hide-overflow\">\n\t\t\t\t\t\t<a href=\"https:\/\/www.butler.edu\/arts-sciences\/student-awards\" class=\"sidebar-menu__listLink\" >LAS Student Awards<\/a>\n\t\t\t\t\t<\/li>\n\t\t\t\t\t\t\t\t\t<li class=\"sidebar-menu__listItem hide-overflow\">\n\t\t\t\t\t\t<a href=\"https:\/\/www.butler.edu\/arts-sciences\/sci-olympiad\/\" class=\"sidebar-menu__listLink\" >Science Olympiad<\/a>\n\t\t\t\t\t<\/li>\n\t\t\t\t\t\t\t<\/ul>\n\t\t<\/div>\n\t\t\t\t<button class=\"sidebar-menu__desktopToggle\" v-text=\"desktopLabel\" :aria-expanded=\"desktopOpen\">More Links<\/button>\n\t\t\t<\/nav>\n\t\t\t\t<div class=\"wysiwyg__wrapper wysiwyg__wrapper--hasSidebar\">\n\t\t\t<!-- content from editor -->\n\t\t\t<div class=\"wysiwyg__content wysiwyg__contentContainer\">\n\t\t\t\t<div class=\"acf-innerblocks-container\"><h1 class=\"wp-block-heading\">Core Values (French)<\/h1><p>Universit\u00e9 Butler<br\/>Facult\u00e9 des arts lib\u00e9raux et des sciences<\/p><h3 class=\"wp-block-heading\">Valeurs fondamentales des arts lib\u00e9raux et des sciences<\/h3><p><\/p><h4 class=\"wp-block-heading\">I<\/h4><p>La mission fondamentale et historique des arts lib\u00e9raux est de nous enseigner \u00e0 la fois \u00e0 penser par nous-m\u00eames, \u00e0 agir sur le monde avec sagesse et scrupule, et \u00e0 entreprendre des professions utiles pour nous-m\u00eames et pour les autres.\u00a0 Les \u00e9tudes en arts lib\u00e9raux visent au bout du compte \u00e0 nous ouvrir \u00e0 la condition humaine, dans ses peines et dans ses joies, \u00e0 favoriser le d\u00e9veloppement de notre int\u00e9grit\u00e9 personnelle, et \u00e0 encourager en nous la compassion et le respect pour ceux dont nous partageons la vie dans nos propres communaut\u00e9s et de par le monde.<br\/>Les \u00e9tudes en arts lib\u00e9raux reposent sur un paradoxe\u00a0: pour bien penser soi-m\u00eame il faut d\u2019abord \u00e9couter attentivement les id\u00e9es des autres.\u00a0 Les arts lib\u00e9raux nous invitent donc \u00e0 nous cultiver nous-m\u00eames \u00e0 travers la conscience des autres\u00a0; car en pr\u00eatant une attention soutenue \u00e0 leurs id\u00e9es et \u00e0 leurs actes, nous perfectionnons les n\u00f4tres.<br\/>Les \u00e9tudes en arts lib\u00e9raux sont pluralistes.\u00a0 Elles comprennent de nombreuses voix\u00a0; chacune est appropri\u00e9e \u00e0 un temps et \u00e0 un lieu, certaines sont discordantes, aucune n\u2019est absolue.\u00a0 Elles visent \u00e0 d\u00e9velopper en nous la facult\u00e9 de juger quelles comp\u00e9tences sont appropri\u00e9es \u00e0 quel moment.\u00a0\u00a0 Les \u00e9tudes en arts lib\u00e9raux sont en mouvement constant.\u00a0 Elles ne tiennent rien pour acquis.\u00a0 Leur activit\u00e9 caract\u00e9ristique n\u2019est pas l\u2019assentiment sans r\u00e9serves, mais le jugement critique.\u00a0 Elles passent au crible des v\u00e9rit\u00e9s sacr\u00e9es de toutes sortes.<br\/>Les arts lib\u00e9raux d\u00e9veloppent non seulement l\u2019esprit critique, mais aussi l\u2019esprit cr\u00e9ateur\u00a0; non seulement l\u2019analyse rationnelle, mais \u00e9galement l\u2019expression cr\u00e9ative.\u00a0 Ils cherchent \u00e0 d\u00e9velopper et \u00e0 r\u00e9aliser la personne humaine dans son entier.\u00a0 Leur exercice a pour but de pr\u00e9parer les \u00e9tudiants \u00e0 s\u2019instruire eux-m\u00eames longtemps apr\u00e8s qu\u2019ils auront quitt\u00e9 le milieu scolaire structur\u00e9. \u00a0Les \u00e9tudes en arts lib\u00e9raux ont pour vocation de former leurs \u00e9tudiants aux responsabilit\u00e9s publiques, et non pas au seul bien priv\u00e9.<br\/>L\u2019important dans les \u00e9tudes en arts lib\u00e9raux, c\u2019est autant la qu\u00eate que son aboutissement.\u00a0 Elles offrent autant de plaisir dans le suivi minute par minute des m\u00e9andres de l\u2019apprentissage que dans la r\u00e9alisation de buts distants.\u00a0 Elles mettent en balance volont\u00e9 de savoir avec empathie et \u00e9merveillement.<\/p><h4 class=\"wp-block-heading\">II<\/h4><p>En latin, ars signifie tout \u00e0 la fois, comp\u00e9tence, savoir et pratique.\u00a0 Les \u00e9tudes en arts lib\u00e9raux commencent par les comp\u00e9tences langagi\u00e8res et intellectuelles.<br\/>Elles enseignent \u00e0 bien lire\u00a0; \u00e0 bien \u00e9couter\u00a0; \u00e0 \u00e9crire dans un style clair et concis\u00a0; \u00e0 parler en particulier dans la conversation, publiquement dans la discussion et formellement dans les discours ; \u00e0 juger son public et \u00e0 consid\u00e9rer ses propres paroles \u00e0 travers les yeux et les oreilles des autres ; \u00e0 apprendre les mani\u00e8res appropri\u00e9es d\u2019int\u00e9grer et de citer les paroles et les pens\u00e9es des autres dans son propre travail\u00a0; \u00e0 le faire avec une ma\u00eetrise suffisante dans des langues et des visions du monde diff\u00e9rentes des n\u00f4tres.<br\/>Elles enseignent \u00e0 pr\u00e9senter une situation, une hypoth\u00e8se ou un argument\u00a0; \u00e0 \u00e9valuer la rigueur des arguments des autres\u00a0; \u00e0 d\u00e9couvrir et \u00e0 juger l\u2019information dans des biblioth\u00e8ques, sur l\u2019Internet, et dans d\u2019autres mines de savoir.\u00a0 Elles enseignent la mani\u00e8re de faire la part entre la v\u00e9rit\u00e9 et le mensonge ; une ing\u00e9niosit\u00e9 appropri\u00e9e au jugement moral et esth\u00e9tique\u00a0; des m\u00e9thodes de raisonnement logique, exp\u00e9rimental, scientifique, math\u00e9matique et statistique.<br\/>Ces comp\u00e9tences nous permettent de r\u00e9soudre des probl\u00e8mes de plus en plus ambitieux, d\u2019appr\u00e9hender les sources de pr\u00e9jug\u00e9s comme les moyens de les surmonter, et d\u2019examiner des arguments de points de vue discordants.\u00a0 Elles d\u00e9veloppent en nous subtilit\u00e9, profondeur et complexit\u00e9.<\/p><h4 class=\"wp-block-heading\">III<\/h4><p>Les \u00e9tudes en arts lib\u00e9raux envisagent le d\u00e9veloppement de ces comp\u00e9tences non seulement comme une fin en soi, mais aussi comme une pr\u00e9paration \u00e0 la recherche du savoir et d\u2019autres buts de la vie humaine.\u00a0 Le Yi-Jing, ou Livre des changements, exprime parfaitement\u00a0l\u2019une des qualit\u00e9s fondamentales des \u00e9tudes en arts lib\u00e9raux lorsqu\u2019il sugg\u00e8re qu\u2019on ne peut ma\u00eetriser le savoir et la pratique tant qu\u2019on ne les a pas consid\u00e9r\u00e9s de diff\u00e9rentes perspectives.<br\/>En tant qu\u2019\u00e9tudiants des arts lib\u00e9raux, nous cultivons autant que possible la pens\u00e9e, l\u2019imagination, la cr\u00e9ativit\u00e9 et la recherche que l\u2019humanit\u00e9 nous a laiss\u00e9s en h\u00e9ritage ; nous observons la nature ; nous confrontons et \u00e9valuons les th\u00e9ories essentielles qui fa\u00e7onnent notre entendement du monde et la mani\u00e8re dont nous en prenons soin\u00a0; nous cherchons \u00e0 comprendre comment nos soci\u00e9t\u00e9s, la n\u00f4tre et celles des autres, fonctionnent et comment elles peuvent \u00eatre am\u00e9lior\u00e9es\u00a0; nous \u00e9valuons les co\u00fbts et les b\u00e9n\u00e9fices de notre vie moderne sur l\u2019individu et sur la plan\u00e8te\u00a0; nous nous effor\u00e7ons d\u2019appr\u00e9hender et de limiter les sources de haine et de conflits\u00a0; nous visons \u00e0 comprendre et renforcer ce qui inspire les \u00eatres humains \u00e0 coop\u00e9rer entre eux\u00a0; nous explorons le fonctionnement de l\u2019esprit et du corps\u00a0; nous d\u00e9m\u00ealons les affirmations de nos professeurs, politiciens, publicitaires, scientifiques, pr\u00eacheurs, \u00e9ditorialistes et celles de nos camarades de chambre; nous r\u00e9fl\u00e9chissons sur l\u2019histoire, des temps les plus recul\u00e9s jusqu\u2019au pr\u00e9sent actuel\u00a0; nous enqu\u00eatons sur les m\u00e9canismes du cosmos, depuis l\u2019atome jusqu\u2019aux \u00e9toiles\u00a0; nous plongeons dans les exp\u00e9riences du pass\u00e9 de notre soci\u00e9t\u00e9 et d\u2019autres, ainsi que de l\u2019actualit\u00e9 la plus r\u00e9cente\u00a0; nous nous familiarisons avec d\u2019autres cultures; nous accueillons les autres cultures parmi nous\u00a0; nous observons le jeu entre nos croyances sur le monde naturel et nos convictions religieuses, politiques et culturelles\u00a0; nous recherchons des buts, r\u00e9fl\u00e9chissons au sens de la vie, \u00e9tudions le c\u0153ur de l\u2019\u00eatre humain, \u00e9valuons la conscience\u00a0; nous d\u00e9couvrons les syst\u00e8mes vivants dans toute leur \u00e9tendue, des microbes aux biomes\u00a0; nous apprenons \u00e0 nous justifier dans un monde moral qui n\u2019est ni tout blanc ni tout noir\u00a0; nous nous lan\u00e7ons dans une recherche raisonn\u00e9e de la v\u00e9rit\u00e9\u00a0; nous connaissons le fonctionnement de l\u2019argent et la nature du travail\u00a0; nous nous mesurons \u00e0 des id\u00e9es sur Dieu; nous sondons les rapports entre la technologie et la vie humaine\u00a0; nous \u00e9levons des enfants, les n\u00f4tres et ceux des autres; nous examinons le bien-\u00eatre des g\u00e9n\u00e9rations futures\u00a0; nous appr\u00e9cions la beaut\u00e9 et l\u2019utilit\u00e9 des math\u00e9matiques\u00a0; nous concluons des ententes avec des \u00eatres aim\u00e9s, nos amis et nos ennemis\u00a0; nous nous vouons aux principes, aux buts et \u00e0 la pratique de la vie publique.<br\/>En tant qu\u2019\u00e9tudiants des arts lib\u00e9raux, nous faisons tout cela en tant que membres d\u2019une communaut\u00e9 aux racines v\u00e9n\u00e9rables\u00a0; une communaut\u00e9 en constante \u00e9volution dans le temps et dans l\u2019espace\u00a0; une communaut\u00e9 de pens\u00e9e, d\u2019imagination, de valeur, de travail et d\u2019action.<\/p><p>Adopt\u00e9 par les professeurs des Arts lib\u00e9raux et des sciences le 21 mars 2007.<\/p><\/div>\t\t\t<\/div>\n\t\t<\/div>\n\t\t\t<\/div>\n<\/section>\n","protected":false},"excerpt":{"rendered":"","protected":false},"author":5,"featured_media":0,"parent":360,"menu_order":0,"comment_status":"open","ping_status":"open","template":"","meta":{"_acf_changed":false,"footnotes":""},"class_list":["post-362","page","type-page","status-publish","hentry"],"revision_note":"","acf":[],"yoast_head":"<!-- This site is optimized with the Yoast SEO Premium plugin v24.2 (Yoast SEO v26.4) - https:\/\/yoast.com\/wordpress\/plugins\/seo\/ -->\n<title>Core Values (French) | Butler University<\/title>\n<meta name=\"robots\" content=\"index, follow, max-snippet:-1, max-image-preview:large, max-video-preview:-1\" \/>\n<link rel=\"canonical\" href=\"https:\/\/www.butler.edu\/arts-sciences\/core-values\/core-values-french\/\" \/>\n<meta property=\"og:locale\" content=\"en_US\" \/>\n<meta property=\"og:type\" content=\"article\" \/>\n<meta property=\"og:title\" content=\"Core Values (French) | Butler University\" \/>\n<meta property=\"og:url\" content=\"https:\/\/www.butler.edu\/arts-sciences\/core-values\/core-values-french\/\" \/>\n<meta property=\"og:site_name\" content=\"College of Liberal Arts &amp; Sciences\" \/>\n<meta property=\"article:publisher\" content=\"https:\/\/www.facebook.com\/butleruniversity\" \/>\n<meta property=\"article:modified_time\" content=\"2024-01-19T14:30:42+00:00\" \/>\n<meta property=\"og:image\" content=\"https:\/\/cdn.butler.edu\/www\/sites\/12\/2022\/02\/08102446\/butler-social.jpg\" \/>\n\t<meta property=\"og:image:width\" content=\"1200\" \/>\n\t<meta property=\"og:image:height\" content=\"630\" \/>\n\t<meta property=\"og:image:type\" content=\"image\/jpeg\" \/>\n<meta name=\"twitter:card\" content=\"summary_large_image\" \/>\n<meta name=\"twitter:site\" content=\"@butleru\" \/>\n<script type=\"application\/ld+json\" class=\"yoast-schema-graph\">{\"@context\":\"https:\/\/schema.org\",\"@graph\":[{\"@type\":\"WebPage\",\"@id\":\"https:\/\/www.butler.edu\/arts-sciences\/core-values\/core-values-french\/\",\"url\":\"https:\/\/www.butler.edu\/arts-sciences\/core-values\/core-values-french\/\",\"name\":\"Core Values (French) | Butler University\",\"isPartOf\":{\"@id\":\"https:\/\/www.butler.edu\/arts-sciences\/#website\"},\"datePublished\":\"2021-10-06T16:50:10+00:00\",\"dateModified\":\"2024-01-19T14:30:42+00:00\",\"breadcrumb\":{\"@id\":\"https:\/\/www.butler.edu\/arts-sciences\/core-values\/core-values-french\/#breadcrumb\"},\"inLanguage\":\"en-US\",\"potentialAction\":[{\"@type\":\"ReadAction\",\"target\":[\"https:\/\/www.butler.edu\/arts-sciences\/core-values\/core-values-french\/\"]}]},{\"@type\":\"BreadcrumbList\",\"@id\":\"https:\/\/www.butler.edu\/arts-sciences\/core-values\/core-values-french\/#breadcrumb\",\"itemListElement\":[{\"@type\":\"ListItem\",\"position\":1,\"name\":\"Home\",\"item\":\"https:\/\/www.butler.edu\/arts-sciences\/\"},{\"@type\":\"ListItem\",\"position\":2,\"name\":\"LAS Core Values\",\"item\":\"https:\/\/www.butler.edu\/arts-sciences\/core-values\/\"},{\"@type\":\"ListItem\",\"position\":3,\"name\":\"Core Values (French)\"}]},{\"@type\":\"WebSite\",\"@id\":\"https:\/\/www.butler.edu\/arts-sciences\/#website\",\"url\":\"https:\/\/www.butler.edu\/arts-sciences\/\",\"name\":\"College of Liberal Arts &amp; Sciences\",\"description\":\"\",\"publisher\":{\"@id\":\"https:\/\/www.butler.edu\/arts-sciences\/#organization\"},\"potentialAction\":[{\"@type\":\"SearchAction\",\"target\":{\"@type\":\"EntryPoint\",\"urlTemplate\":\"https:\/\/www.butler.edu\/arts-sciences\/?s={search_term_string}\"},\"query-input\":{\"@type\":\"PropertyValueSpecification\",\"valueRequired\":true,\"valueName\":\"search_term_string\"}}],\"inLanguage\":\"en-US\"},{\"@type\":\"Organization\",\"@id\":\"https:\/\/www.butler.edu\/arts-sciences\/#organization\",\"name\":\"Butler University\",\"url\":\"https:\/\/www.butler.edu\/arts-sciences\/\",\"logo\":{\"@type\":\"ImageObject\",\"inLanguage\":\"en-US\",\"@id\":\"https:\/\/www.butler.edu\/arts-sciences\/#\/schema\/logo\/image\/\",\"url\":\"https:\/\/www.butler.edu\/arts-sciences\/wp-content\/uploads\/sites\/12\/2022\/01\/cropped-fav.jpg\",\"contentUrl\":\"https:\/\/www.butler.edu\/arts-sciences\/wp-content\/uploads\/sites\/12\/2022\/01\/cropped-fav.jpg\",\"width\":512,\"height\":512,\"caption\":\"Butler University\"},\"image\":{\"@id\":\"https:\/\/www.butler.edu\/arts-sciences\/#\/schema\/logo\/image\/\"},\"sameAs\":[\"https:\/\/www.facebook.com\/butleruniversity\",\"https:\/\/x.com\/butleru\",\"http:\/\/instagram.com\/butleru\",\"https:\/\/www.linkedin.com\/school\/14798\/\",\"https:\/\/www.youtube.com\/user\/butleruniversity\",\"https:\/\/en.wikipedia.org\/wiki\/Butler_University\"]}]}<\/script>\n<!-- \/ Yoast SEO Premium plugin. -->","yoast_head_json":{"title":"Core Values (French) | Butler University","robots":{"index":"index","follow":"follow","max-snippet":"max-snippet:-1","max-image-preview":"max-image-preview:large","max-video-preview":"max-video-preview:-1"},"canonical":"https:\/\/www.butler.edu\/arts-sciences\/core-values\/core-values-french\/","og_locale":"en_US","og_type":"article","og_title":"Core Values (French) | Butler University","og_url":"https:\/\/www.butler.edu\/arts-sciences\/core-values\/core-values-french\/","og_site_name":"College of Liberal Arts &amp; Sciences","article_publisher":"https:\/\/www.facebook.com\/butleruniversity","article_modified_time":"2024-01-19T14:30:42+00:00","og_image":[{"width":1200,"height":630,"url":"https:\/\/cdn.butler.edu\/www\/sites\/12\/2022\/02\/08102446\/butler-social.jpg","type":"image\/jpeg"}],"twitter_card":"summary_large_image","twitter_site":"@butleru","schema":{"@context":"https:\/\/schema.org","@graph":[{"@type":"WebPage","@id":"https:\/\/www.butler.edu\/arts-sciences\/core-values\/core-values-french\/","url":"https:\/\/www.butler.edu\/arts-sciences\/core-values\/core-values-french\/","name":"Core Values (French) | Butler University","isPartOf":{"@id":"https:\/\/www.butler.edu\/arts-sciences\/#website"},"datePublished":"2021-10-06T16:50:10+00:00","dateModified":"2024-01-19T14:30:42+00:00","breadcrumb":{"@id":"https:\/\/www.butler.edu\/arts-sciences\/core-values\/core-values-french\/#breadcrumb"},"inLanguage":"en-US","potentialAction":[{"@type":"ReadAction","target":["https:\/\/www.butler.edu\/arts-sciences\/core-values\/core-values-french\/"]}]},{"@type":"BreadcrumbList","@id":"https:\/\/www.butler.edu\/arts-sciences\/core-values\/core-values-french\/#breadcrumb","itemListElement":[{"@type":"ListItem","position":1,"name":"Home","item":"https:\/\/www.butler.edu\/arts-sciences\/"},{"@type":"ListItem","position":2,"name":"LAS Core Values","item":"https:\/\/www.butler.edu\/arts-sciences\/core-values\/"},{"@type":"ListItem","position":3,"name":"Core Values (French)"}]},{"@type":"WebSite","@id":"https:\/\/www.butler.edu\/arts-sciences\/#website","url":"https:\/\/www.butler.edu\/arts-sciences\/","name":"College of Liberal Arts &amp; Sciences","description":"","publisher":{"@id":"https:\/\/www.butler.edu\/arts-sciences\/#organization"},"potentialAction":[{"@type":"SearchAction","target":{"@type":"EntryPoint","urlTemplate":"https:\/\/www.butler.edu\/arts-sciences\/?s={search_term_string}"},"query-input":{"@type":"PropertyValueSpecification","valueRequired":true,"valueName":"search_term_string"}}],"inLanguage":"en-US"},{"@type":"Organization","@id":"https:\/\/www.butler.edu\/arts-sciences\/#organization","name":"Butler University","url":"https:\/\/www.butler.edu\/arts-sciences\/","logo":{"@type":"ImageObject","inLanguage":"en-US","@id":"https:\/\/www.butler.edu\/arts-sciences\/#\/schema\/logo\/image\/","url":"https:\/\/www.butler.edu\/arts-sciences\/wp-content\/uploads\/sites\/12\/2022\/01\/cropped-fav.jpg","contentUrl":"https:\/\/www.butler.edu\/arts-sciences\/wp-content\/uploads\/sites\/12\/2022\/01\/cropped-fav.jpg","width":512,"height":512,"caption":"Butler University"},"image":{"@id":"https:\/\/www.butler.edu\/arts-sciences\/#\/schema\/logo\/image\/"},"sameAs":["https:\/\/www.facebook.com\/butleruniversity","https:\/\/x.com\/butleru","http:\/\/instagram.com\/butleru","https:\/\/www.linkedin.com\/school\/14798\/","https:\/\/www.youtube.com\/user\/butleruniversity","https:\/\/en.wikipedia.org\/wiki\/Butler_University"]}]}},"_links":{"self":[{"href":"https:\/\/www.butler.edu\/arts-sciences\/wp-json\/wp\/v2\/pages\/362","targetHints":{"allow":["GET"]}}],"collection":[{"href":"https:\/\/www.butler.edu\/arts-sciences\/wp-json\/wp\/v2\/pages"}],"about":[{"href":"https:\/\/www.butler.edu\/arts-sciences\/wp-json\/wp\/v2\/types\/page"}],"author":[{"embeddable":true,"href":"https:\/\/www.butler.edu\/arts-sciences\/wp-json\/wp\/v2\/users\/5"}],"replies":[{"embeddable":true,"href":"https:\/\/www.butler.edu\/arts-sciences\/wp-json\/wp\/v2\/comments?post=362"}],"version-history":[{"count":5,"href":"https:\/\/www.butler.edu\/arts-sciences\/wp-json\/wp\/v2\/pages\/362\/revisions"}],"predecessor-version":[{"id":14308,"href":"https:\/\/www.butler.edu\/arts-sciences\/wp-json\/wp\/v2\/pages\/362\/revisions\/14308"}],"up":[{"embeddable":true,"href":"https:\/\/www.butler.edu\/arts-sciences\/wp-json\/wp\/v2\/pages\/360"}],"wp:attachment":[{"href":"https:\/\/www.butler.edu\/arts-sciences\/wp-json\/wp\/v2\/media?parent=362"}],"curies":[{"name":"wp","href":"https:\/\/api.w.org\/{rel}","templated":true}]}}